{"id":2951,"date":"2023-03-28T04:41:51","date_gmt":"2023-03-28T04:41:51","guid":{"rendered":"https:\/\/calamariadesiurana.com\/entorn\/"},"modified":"2024-12-15T18:14:51","modified_gmt":"2024-12-15T18:14:51","slug":"entorno","status":"publish","type":"page","link":"https:\/\/calamariadesiurana.com\/es\/entorno\/","title":{"rendered":"Entorno"},"content":{"rendered":"\t\t<div data-elementor-type=\"wp-page\" data-elementor-id=\"2951\" class=\"elementor elementor-2951 elementor-1764\">\n\t\t\t\t\t\t<section class=\"elementor-section elementor-top-section elementor-element elementor-element-6e1c050c elementor-section-height-min-height cs-section-content-fullwidth cs-parallax-on-scroll cs_scroll_y_80 elementor-section-boxed elementor-section-height-default elementor-section-items-middle\" data-id=\"6e1c050c\" data-element_type=\"section\" data-e-type=\"section\" data-settings=\"{&quot;background_background&quot;:&quot;classic&quot;}\" data-cs-parallax-y=\"80\" style=\"background-image: none;\" data-cs-background-image=\"https:\/\/calamariadesiurana.com\/wp-content\/uploads\/2024\/12\/costa-brava-entorn.webp\" data-cs-background-image-alt-text=\"\">\n\t\t\t\t\t\t\t<div class=\"elementor-background-overlay\"><\/div>\n\t\t\t\t\t\t\t<div class=\"elementor-container elementor-column-gap-no\">\n\t\t\t\t\t<div class=\"elementor-column elementor-col-100 elementor-top-column elementor-element elementor-element-a3b7434 dark-color\" data-id=\"a3b7434\" data-element_type=\"column\" data-e-type=\"column\">\n\t\t\t<div class=\"elementor-widget-wrap elementor-element-populated\">\n\t\t\t\t\t\t<div class=\"elementor-element elementor-element-fc08beb elementor-widget elementor-widget-cs_title\" data-id=\"fc08beb\" data-element_type=\"widget\" data-e-type=\"widget\" data-widget_type=\"cs_title.default\">\n\t\t\t\t<div class=\"elementor-widget-container\">\n\t\t\t\t\t\n        <div class=\"cs-title-wrap text-center\">\t            <h1 class=\"cs-title\">\n\t                Nuestro entorno\t            <\/h1>\t            <div class=\"cs-title-text\">\n\t                <p>Rodeado de bosques, el pueblo de Siurana disfruta de una ubicaci\u00f3n ideal para visitar toda la comarca, perderse por los pueblos medievales del interior o disfrutar de los incre\u00edbles paisajes y playas de la Costa Brava.<\/p>\t            <\/div>        <\/div>\t\t\t\t<\/div>\n\t\t\t\t<\/div>\n\t\t\t\t\t<\/div>\n\t\t<\/div>\n\t\t\t\t\t<\/div>\n\t\t<\/section>\n\t\t<div class=\"elementor-element elementor-element-b5c5d36 e-flex e-con-boxed e-con e-parent\" data-id=\"b5c5d36\" data-element_type=\"container\" data-e-type=\"container\">\n\t\t\t\t\t<div class=\"e-con-inner\">\n\t\t<div class=\"elementor-element elementor-element-6a7592a e-con-full e-flex e-con e-child\" data-id=\"6a7592a\" data-element_type=\"container\" data-e-type=\"container\">\n\t\t\t\t<div class=\"elementor-element elementor-element-f523c65 elementor-widget elementor-widget-cs_call_to_action\" data-id=\"f523c65\" data-element_type=\"widget\" data-e-type=\"widget\" data-widget_type=\"cs_call_to_action.default\">\n\t\t\t\t<div class=\"elementor-widget-container\">\n\t\t\t\t\t\n\t\t<div class=\"cs-cta cta-layout-text-normal text-left cta-hover-img-zoom\">\n            <div class=\"cs-cta-wrap\">\t\t                <div class=\"cs-cta-img-wrap\">\n\t\t\t\t\t        <div class=\"cs-cta-img\">\n\t\t\t\t\t            <img decoding=\"async\" src=\"https:\/\/calamariadesiurana.com\/wp-content\/uploads\/elementor\/thumbs\/figueres-mueseu-dali-llocs-d-interes-qy4e2gotpkepnnk72root537us5nk775f8o81kog34.webp\" title=\"figueres-mueseu-dali-llocs-d-interes\" alt=\"figueres-mueseu-dali-llocs-d-interes\" loading=\"lazy\" \/>\t\t\t\t\t        <\/div>\n\t\t\t\t\t        <div class=\"cs-offset-border\"><\/div>\n\t\t\t\t\t\t<\/div>                <div class=\"cs-cta-overlay\"><\/div>\n                <div class=\"cs-cta-content\">\t\t\t\t\t<div class=\"cs-subtitle-wrap\"><span class=\"cs-subtitle\">Lugares de inter\u00e9s<\/span><\/div>\t\t            <h6 class=\"cs-cta-title cs-title\">\n\t\t                Siurana, Figueres y la Costa Brava\t\t            <\/h6>\t\t            <div class=\"cs-cta-text\">\n\t\t                <p>Conoce los paisajes de Siurana, visita Figueres y su emblem\u00e1tico Museo Dal\u00ed, y d\u00e9jate cautivar por las playas y pueblos con encanto de la Costa Brava.<\/p>\t\t            <\/div>\t                <div class=\"cs-cta-btn\">\n\t                    <a class=\"button cs-btn-underline cs-btn-small cs-btn-with-icon\" role=\"button\" href=\"https:\/\/calamariadesiurana.com\/es\/entorno\/lugares-de-interes\/\">\n\t                        <span class=\"cs-btn-text\">Descubre m\u00e1s<\/span>\t\t\t\t            \t<span class=\"cs-btn-icon icon-arrow\"><\/span>\t                    <\/a>\n\t                <\/div>\t\t\t<\/div>                <a class=\"cs-cta-link\" href=\"https:\/\/calamariadesiurana.com\/es\/entorno\/lugares-de-interes\/\" aria-label=\"Call to Action Link\"><\/a>            <\/div>\n        <\/div>\t\t\t\t<\/div>\n\t\t\t\t<\/div>\n\t\t\t\t<\/div>\n\t\t<div class=\"elementor-element elementor-element-4d1dc9a e-con-full e-flex e-con e-child\" data-id=\"4d1dc9a\" data-element_type=\"container\" data-e-type=\"container\">\n\t\t\t\t<div class=\"elementor-element elementor-element-29826f2 elementor-widget elementor-widget-cs_call_to_action\" data-id=\"29826f2\" data-element_type=\"widget\" data-e-type=\"widget\" data-widget_type=\"cs_call_to_action.default\">\n\t\t\t\t<div class=\"elementor-widget-container\">\n\t\t\t\t\t\n\t\t<div class=\"cs-cta cta-layout-text-normal text-left cta-hover-img-zoom\">\n            <div class=\"cs-cta-wrap\">\t\t                <div class=\"cs-cta-img-wrap\">\n\t\t\t\t\t        <div class=\"cs-cta-img\">\n\t\t\t\t\t            <img decoding=\"async\" src=\"https:\/\/calamariadesiurana.com\/wp-content\/uploads\/elementor\/thumbs\/img-40-qxyecy3lqg02uden8ky3x8q4hlecwnmxfi4h34or5c.jpg\" title=\"img-40.jpg\" alt=\"img-40.jpg\" loading=\"lazy\" \/>\t\t\t\t\t        <\/div>\n\t\t\t\t\t        <div class=\"cs-offset-border\"><\/div>\n\t\t\t\t\t\t<\/div>                <div class=\"cs-cta-overlay\"><\/div>\n                <div class=\"cs-cta-content\">\t\t\t\t\t<div class=\"cs-subtitle-wrap\"><span class=\"cs-subtitle\">Restaurantes <\/span><\/div>\t\t            <h6 class=\"cs-cta-title cs-title\">\n\t\t                Gastronom\u00eda viva\t\t            <\/h6>\t\t            <div class=\"cs-cta-text\">\n\t\t                <p>Los productos de temporada, la cocina de mercado y los ingredientes de proximidad caracterizan la cocina del Empord\u00e0. Disfr\u00fatala con todos los sentidos. \u00a1Te ayudamos a hacerlo!<\/p>\t\t            <\/div>\t                <div class=\"cs-cta-btn\">\n\t                    <a class=\"button cs-btn-underline cs-btn-small cs-btn-with-icon\" role=\"button\" href=\"https:\/\/calamariadesiurana.com\/es\/entorno\/restaurantes\/\">\n\t                        <span class=\"cs-btn-text\">Descubre m\u00e1s<\/span>\t\t\t\t            \t<span class=\"cs-btn-icon icon-arrow\"><\/span>\t                    <\/a>\n\t                <\/div>\t\t\t<\/div>                <a class=\"cs-cta-link\" href=\"https:\/\/calamariadesiurana.com\/es\/entorno\/restaurantes\/\" aria-label=\"Call to Action Link\"><\/a>            <\/div>\n        <\/div>\t\t\t\t<\/div>\n\t\t\t\t<\/div>\n\t\t\t\t<\/div>\n\t\t<div class=\"elementor-element elementor-element-180968a e-con-full e-flex e-con e-child\" data-id=\"180968a\" data-element_type=\"container\" data-e-type=\"container\">\n\t\t\t\t<div class=\"elementor-element elementor-element-c1bf7a7 elementor-widget elementor-widget-cs_call_to_action\" data-id=\"c1bf7a7\" data-element_type=\"widget\" data-e-type=\"widget\" data-widget_type=\"cs_call_to_action.default\">\n\t\t\t\t<div class=\"elementor-widget-container\">\n\t\t\t\t\t\n\t\t<div class=\"cs-cta cta-layout-text-normal text-left cta-hover-img-zoom\">\n            <div class=\"cs-cta-wrap\">\t\t                <div class=\"cs-cta-img-wrap\">\n\t\t\t\t\t        <div class=\"cs-cta-img\">\n\t\t\t\t\t            <img decoding=\"async\" src=\"https:\/\/calamariadesiurana.com\/wp-content\/uploads\/elementor\/thumbs\/mercat-de-figueres-qyjzh3decr8jyehr6xax124tdgj7ztzysklg0q6cmo.webp\" title=\"mercat-de-figueres\" alt=\"mercat-de-figueres\" loading=\"lazy\" \/>\t\t\t\t\t        <\/div>\n\t\t\t\t\t        <div class=\"cs-offset-border\"><\/div>\n\t\t\t\t\t\t<\/div>                <div class=\"cs-cta-overlay\"><\/div>\n                <div class=\"cs-cta-content\">\t\t\t\t\t<div class=\"cs-subtitle-wrap\"><span class=\"cs-subtitle\">Comercios<\/span><\/div>\t\t            <h6 class=\"cs-cta-title cs-title\">\n\t\t                Negocios locales y de calidad\t\t            <\/h6>\t\t            <div class=\"cs-cta-text\">\n\t\t                <p>Encuentra todo lo que necesites para disfrutar de tu estancia, mientras consumes productos locales y de calidad, elaborados por productores artesanales del Alt Empord\u00e0.<\/p>\t\t            <\/div>\t                <div class=\"cs-cta-btn\">\n\t                    <a class=\"button cs-btn-underline cs-btn-small cs-btn-with-icon\" role=\"button\" href=\"https:\/\/calamariadesiurana.com\/es\/entorno\/comercio\/\">\n\t                        <span class=\"cs-btn-text\">Descubre m\u00e1s<\/span>\t\t\t\t            \t<span class=\"cs-btn-icon icon-arrow\"><\/span>\t                    <\/a>\n\t                <\/div>\t\t\t<\/div>                <a class=\"cs-cta-link\" href=\"https:\/\/calamariadesiurana.com\/es\/entorno\/comercio\/\" aria-label=\"Call to Action Link\"><\/a>            <\/div>\n        <\/div>\t\t\t\t<\/div>\n\t\t\t\t<\/div>\n\t\t\t\t<\/div>\n\t\t<div class=\"elementor-element elementor-element-b77347a e-con-full e-flex e-con e-child\" data-id=\"b77347a\" data-element_type=\"container\" data-e-type=\"container\">\n\t\t\t\t<div class=\"elementor-element elementor-element-e82a54e elementor-widget elementor-widget-cs_call_to_action\" data-id=\"e82a54e\" data-element_type=\"widget\" data-e-type=\"widget\" data-widget_type=\"cs_call_to_action.default\">\n\t\t\t\t<div class=\"elementor-widget-container\">\n\t\t\t\t\t\n\t\t<div class=\"cs-cta cta-layout-text-normal text-left cta-hover-img-zoom\">\n            <div class=\"cs-cta-wrap\">\t\t                <div class=\"cs-cta-img-wrap\">\n\t\t\t\t\t        <div class=\"cs-cta-img\">\n\t\t\t\t\t            <img decoding=\"async\" src=\"https:\/\/calamariadesiurana.com\/wp-content\/uploads\/elementor\/thumbs\/kitesurf-oci-i-aire-lliure-qy4e2fqziqdfc1lk89a28nbr9eaaci3f340qkapu9c.webp\" title=\"kitesurf-oci-i-aire-lliure\" alt=\"kitesurf-oci-i-aire-lliure\" loading=\"lazy\" \/>\t\t\t\t\t        <\/div>\n\t\t\t\t\t        <div class=\"cs-offset-border\"><\/div>\n\t\t\t\t\t\t<\/div>                <div class=\"cs-cta-overlay\"><\/div>\n                <div class=\"cs-cta-content\">\t\t\t\t\t<div class=\"cs-subtitle-wrap\"><span class=\"cs-subtitle\">Ocio y Deporte<\/span><\/div>\t\t            <h6 class=\"cs-cta-title cs-title\">\n\t\t                Actividades al aire libre\t\t            <\/h6>\t\t            <div class=\"cs-cta-text\">\n\t\t                <p>\u00bfSab\u00edas que nos encontramos en una zona magn\u00edfica para disfrutar del aire libre y que tendr\u00e1s opciones para todos los gustos? Desde senderismo y aventuras hasta paseos por la naturaleza.<\/p>\t\t            <\/div>\t                <div class=\"cs-cta-btn\">\n\t                    <a class=\"button cs-btn-underline cs-btn-small cs-btn-with-icon\" role=\"button\" href=\"https:\/\/calamariadesiurana.com\/es\/entorno\/ocio-y-deporte\/\">\n\t                        <span class=\"cs-btn-text\">Descubre m\u00e1s<\/span>\t\t\t\t            \t<span class=\"cs-btn-icon icon-arrow\"><\/span>\t                    <\/a>\n\t                <\/div>\t\t\t<\/div>                <a class=\"cs-cta-link\" href=\"https:\/\/calamariadesiurana.com\/es\/entorno\/ocio-y-deporte\/\" aria-label=\"Call to Action Link\"><\/a>            <\/div>\n        <\/div>\t\t\t\t<\/div>\n\t\t\t\t<\/div>\n\t\t\t\t<\/div>\n\t\t\t\t\t<\/div>\n\t\t\t\t<\/div>\n\t\t\t\t<\/div>\n\t\t","protected":false},"excerpt":{"rendered":"<p>Nuestro entorno Rodeado de bosques, el pueblo de Siurana disfruta de una ubicaci\u00f3n ideal para visitar toda la comarca, perderse por los pueblos medievales del interior o disfrutar de los incre\u00edbles paisajes y playas de la Costa Brava. Lugares de inter\u00e9s Siurana, Figueres y la Costa Brava Conoce los paisajes de Siurana, visita Figueres y &#8230;<\/p>\n","protected":false},"author":5,"featured_media":0,"parent":0,"menu_order":0,"comment_status":"closed","ping_status":"closed","template":"template-wide-content.php","meta":{"_monsterinsights_skip_tracking":false,"_monsterinsights_sitenote_active":false,"_monsterinsights_sitenote_note":"","_monsterinsights_sitenote_category":0,"cozystay_single_page_hide_site_header":"","cozystay_single_page_site_header_source":"","cozystay_single_page_custom_site_header":"0","cozystay_single_page_custom_sticky_site_header":"0","cozystay_single_page_hide_page_title":"on","cozystay_single_page_header_section_size":"","cozystay_single_page_header_background_color":"","cozystay_single_page_header_background_position_x":"center","cozystay_single_page_header_background_position_y":"center","cozystay_single_page_header_background_size":"cover","cozystay_single_page_header_background_repeat":"off","cozystay_single_page_header_background_scroll":"on","cozystay_single_page_header_text_color":"","cozystay_single_page_header_show_breadcrumb":"","cozystay_single_page_site_footer_hide_main":"","cozystay_single_custom_site_footer_main_source":"","cozystay_single_custom_site_footer_main":"0","cozystay_single_page_site_footer_hide_above":"","cozystay_single_custom_site_footer_above_source":"","cozystay_single_custom_site_footer_above":"0","cozystay_single_page_site_footer_hide_instagram":"","cozystay_single_page_site_footer_hide_bottom":"","cozystay_single_custom_mobile_menu_source":"","cozystay_single_custom_mobile_menu":"0","cozystay_single_custom_mobile_menu_animation":"","cozystay_single_custom_mobile_menu_width":"","cozystay_single_custom_mobile_menu_custom_width":375,"_joinchat":[],"footnotes":""},"class_list":["post-2951","page","type-page","status-publish","hentry"],"yoast_head":"<!-- This site is optimized with the Yoast SEO plugin v27.5 - https:\/\/yoast.com\/product\/yoast-seo-wordpress\/ -->\n<title>Entorno - Ca la Maria de Siurana<\/title>\n<meta name=\"robots\" content=\"index, follow, max-snippet:-1, max-image-preview:large, max-video-preview:-1\" \/>\n<link rel=\"canonical\" href=\"https:\/\/calamariadesiurana.com\/es\/entorno\/\" \/>\n<meta property=\"og:locale\" content=\"es_ES\" \/>\n<meta property=\"og:type\" content=\"article\" \/>\n<meta property=\"og:title\" content=\"Entorno - Ca la Maria de Siurana\" \/>\n<meta property=\"og:description\" content=\"Nuestro entorno Rodeado de bosques, el pueblo de Siurana disfruta de una ubicaci\u00f3n ideal para visitar toda la comarca, perderse por los pueblos medievales del interior o disfrutar de los incre\u00edbles paisajes y playas de la Costa Brava. Lugares de inter\u00e9s Siurana, Figueres y la Costa Brava Conoce los paisajes de Siurana, visita Figueres y ...\" \/>\n<meta property=\"og:url\" content=\"https:\/\/calamariadesiurana.com\/es\/entorno\/\" \/>\n<meta property=\"og:site_name\" content=\"Ca la Maria de Siurana\" \/>\n<meta property=\"article:modified_time\" content=\"2024-12-15T18:14:51+00:00\" \/>\n<meta property=\"og:image\" content=\"https:\/\/calamariadesiurana.com\/wp-content\/uploads\/elementor\/thumbs\/figueres-mueseu-dali-llocs-d-interes-qy4e2gotpkepnnk72root537us5nk775f8o81kog34.webp\" \/>\n<meta name=\"twitter:card\" content=\"summary_large_image\" \/>\n<meta name=\"twitter:label1\" content=\"Tiempo de lectura\" \/>\n\t<meta name=\"twitter:data1\" content=\"2 minutos\" \/>\n<script type=\"application\/ld+json\" class=\"yoast-schema-graph\">{\"@context\":\"https:\\\/\\\/schema.org\",\"@graph\":[{\"@type\":\"WebPage\",\"@id\":\"https:\\\/\\\/calamariadesiurana.com\\\/es\\\/entorno\\\/\",\"url\":\"https:\\\/\\\/calamariadesiurana.com\\\/es\\\/entorno\\\/\",\"name\":\"Entorno - Ca la Maria de Siurana\",\"isPartOf\":{\"@id\":\"https:\\\/\\\/calamariadesiurana.com\\\/#website\"},\"primaryImageOfPage\":{\"@id\":\"https:\\\/\\\/calamariadesiurana.com\\\/es\\\/entorno\\\/#primaryimage\"},\"image\":{\"@id\":\"https:\\\/\\\/calamariadesiurana.com\\\/es\\\/entorno\\\/#primaryimage\"},\"thumbnailUrl\":\"https:\\\/\\\/calamariadesiurana.com\\\/wp-content\\\/uploads\\\/elementor\\\/thumbs\\\/figueres-mueseu-dali-llocs-d-interes-qy4e2gotpkepnnk72root537us5nk775f8o81kog34.webp\",\"datePublished\":\"2023-03-28T04:41:51+00:00\",\"dateModified\":\"2024-12-15T18:14:51+00:00\",\"breadcrumb\":{\"@id\":\"https:\\\/\\\/calamariadesiurana.com\\\/es\\\/entorno\\\/#breadcrumb\"},\"inLanguage\":\"es\",\"potentialAction\":[{\"@type\":\"ReadAction\",\"target\":[\"https:\\\/\\\/calamariadesiurana.com\\\/es\\\/entorno\\\/\"]}]},{\"@type\":\"ImageObject\",\"inLanguage\":\"es\",\"@id\":\"https:\\\/\\\/calamariadesiurana.com\\\/es\\\/entorno\\\/#primaryimage\",\"url\":\"https:\\\/\\\/calamariadesiurana.com\\\/wp-content\\\/uploads\\\/elementor\\\/thumbs\\\/figueres-mueseu-dali-llocs-d-interes-qy4e2gotpkepnnk72root537us5nk775f8o81kog34.webp\",\"contentUrl\":\"https:\\\/\\\/calamariadesiurana.com\\\/wp-content\\\/uploads\\\/elementor\\\/thumbs\\\/figueres-mueseu-dali-llocs-d-interes-qy4e2gotpkepnnk72root537us5nk775f8o81kog34.webp\"},{\"@type\":\"BreadcrumbList\",\"@id\":\"https:\\\/\\\/calamariadesiurana.com\\\/es\\\/entorno\\\/#breadcrumb\",\"itemListElement\":[{\"@type\":\"ListItem\",\"position\":1,\"name\":\"Home\",\"item\":\"https:\\\/\\\/calamariadesiurana.com\\\/\"},{\"@type\":\"ListItem\",\"position\":2,\"name\":\"Entorno\"}]},{\"@type\":\"WebSite\",\"@id\":\"https:\\\/\\\/calamariadesiurana.com\\\/#website\",\"url\":\"https:\\\/\\\/calamariadesiurana.com\\\/\",\"name\":\"Ca la Maria de Siurana\",\"description\":\"\",\"publisher\":{\"@id\":\"https:\\\/\\\/calamariadesiurana.com\\\/#organization\"},\"potentialAction\":[{\"@type\":\"SearchAction\",\"target\":{\"@type\":\"EntryPoint\",\"urlTemplate\":\"https:\\\/\\\/calamariadesiurana.com\\\/?s={search_term_string}\"},\"query-input\":{\"@type\":\"PropertyValueSpecification\",\"valueRequired\":true,\"valueName\":\"search_term_string\"}}],\"inLanguage\":\"es\"},{\"@type\":\"Organization\",\"@id\":\"https:\\\/\\\/calamariadesiurana.com\\\/#organization\",\"name\":\"Ca la Maria de Siurana\",\"url\":\"https:\\\/\\\/calamariadesiurana.com\\\/\",\"logo\":{\"@type\":\"ImageObject\",\"inLanguage\":\"es\",\"@id\":\"https:\\\/\\\/calamariadesiurana.com\\\/#\\\/schema\\\/logo\\\/image\\\/\",\"url\":\"https:\\\/\\\/calamariadesiurana.com\\\/wp-content\\\/uploads\\\/2017\\\/04\\\/cropped-cropped-calamarialogo2-2.png\",\"contentUrl\":\"https:\\\/\\\/calamariadesiurana.com\\\/wp-content\\\/uploads\\\/2017\\\/04\\\/cropped-cropped-calamarialogo2-2.png\",\"width\":308,\"height\":80,\"caption\":\"Ca la Maria de Siurana\"},\"image\":{\"@id\":\"https:\\\/\\\/calamariadesiurana.com\\\/#\\\/schema\\\/logo\\\/image\\\/\"}}]}<\/script>\n<!-- \/ Yoast SEO plugin. -->","yoast_head_json":{"title":"Entorno - Ca la Maria de Siurana","robots":{"index":"index","follow":"follow","max-snippet":"max-snippet:-1","max-image-preview":"max-image-preview:large","max-video-preview":"max-video-preview:-1"},"canonical":"https:\/\/calamariadesiurana.com\/es\/entorno\/","og_locale":"es_ES","og_type":"article","og_title":"Entorno - Ca la Maria de Siurana","og_description":"Nuestro entorno Rodeado de bosques, el pueblo de Siurana disfruta de una ubicaci\u00f3n ideal para visitar toda la comarca, perderse por los pueblos medievales del interior o disfrutar de los incre\u00edbles paisajes y playas de la Costa Brava. Lugares de inter\u00e9s Siurana, Figueres y la Costa Brava Conoce los paisajes de Siurana, visita Figueres y ...","og_url":"https:\/\/calamariadesiurana.com\/es\/entorno\/","og_site_name":"Ca la Maria de Siurana","article_modified_time":"2024-12-15T18:14:51+00:00","og_image":[{"url":"https:\/\/calamariadesiurana.com\/wp-content\/uploads\/elementor\/thumbs\/figueres-mueseu-dali-llocs-d-interes-qy4e2gotpkepnnk72root537us5nk775f8o81kog34.webp","type":"","width":"","height":""}],"twitter_card":"summary_large_image","twitter_misc":{"Tiempo de lectura":"2 minutos"},"schema":{"@context":"https:\/\/schema.org","@graph":[{"@type":"WebPage","@id":"https:\/\/calamariadesiurana.com\/es\/entorno\/","url":"https:\/\/calamariadesiurana.com\/es\/entorno\/","name":"Entorno - Ca la Maria de Siurana","isPartOf":{"@id":"https:\/\/calamariadesiurana.com\/#website"},"primaryImageOfPage":{"@id":"https:\/\/calamariadesiurana.com\/es\/entorno\/#primaryimage"},"image":{"@id":"https:\/\/calamariadesiurana.com\/es\/entorno\/#primaryimage"},"thumbnailUrl":"https:\/\/calamariadesiurana.com\/wp-content\/uploads\/elementor\/thumbs\/figueres-mueseu-dali-llocs-d-interes-qy4e2gotpkepnnk72root537us5nk775f8o81kog34.webp","datePublished":"2023-03-28T04:41:51+00:00","dateModified":"2024-12-15T18:14:51+00:00","breadcrumb":{"@id":"https:\/\/calamariadesiurana.com\/es\/entorno\/#breadcrumb"},"inLanguage":"es","potentialAction":[{"@type":"ReadAction","target":["https:\/\/calamariadesiurana.com\/es\/entorno\/"]}]},{"@type":"ImageObject","inLanguage":"es","@id":"https:\/\/calamariadesiurana.com\/es\/entorno\/#primaryimage","url":"https:\/\/calamariadesiurana.com\/wp-content\/uploads\/elementor\/thumbs\/figueres-mueseu-dali-llocs-d-interes-qy4e2gotpkepnnk72root537us5nk775f8o81kog34.webp","contentUrl":"https:\/\/calamariadesiurana.com\/wp-content\/uploads\/elementor\/thumbs\/figueres-mueseu-dali-llocs-d-interes-qy4e2gotpkepnnk72root537us5nk775f8o81kog34.webp"},{"@type":"BreadcrumbList","@id":"https:\/\/calamariadesiurana.com\/es\/entorno\/#breadcrumb","itemListElement":[{"@type":"ListItem","position":1,"name":"Home","item":"https:\/\/calamariadesiurana.com\/"},{"@type":"ListItem","position":2,"name":"Entorno"}]},{"@type":"WebSite","@id":"https:\/\/calamariadesiurana.com\/#website","url":"https:\/\/calamariadesiurana.com\/","name":"Ca la Maria de Siurana","description":"","publisher":{"@id":"https:\/\/calamariadesiurana.com\/#organization"},"potentialAction":[{"@type":"SearchAction","target":{"@type":"EntryPoint","urlTemplate":"https:\/\/calamariadesiurana.com\/?s={search_term_string}"},"query-input":{"@type":"PropertyValueSpecification","valueRequired":true,"valueName":"search_term_string"}}],"inLanguage":"es"},{"@type":"Organization","@id":"https:\/\/calamariadesiurana.com\/#organization","name":"Ca la Maria de Siurana","url":"https:\/\/calamariadesiurana.com\/","logo":{"@type":"ImageObject","inLanguage":"es","@id":"https:\/\/calamariadesiurana.com\/#\/schema\/logo\/image\/","url":"https:\/\/calamariadesiurana.com\/wp-content\/uploads\/2017\/04\/cropped-cropped-calamarialogo2-2.png","contentUrl":"https:\/\/calamariadesiurana.com\/wp-content\/uploads\/2017\/04\/cropped-cropped-calamarialogo2-2.png","width":308,"height":80,"caption":"Ca la Maria de Siurana"},"image":{"@id":"https:\/\/calamariadesiurana.com\/#\/schema\/logo\/image\/"}}]}},"_links":{"self":[{"href":"https:\/\/calamariadesiurana.com\/es\/wp-json\/wp\/v2\/pages\/2951","targetHints":{"allow":["GET"]}}],"collection":[{"href":"https:\/\/calamariadesiurana.com\/es\/wp-json\/wp\/v2\/pages"}],"about":[{"href":"https:\/\/calamariadesiurana.com\/es\/wp-json\/wp\/v2\/types\/page"}],"author":[{"embeddable":true,"href":"https:\/\/calamariadesiurana.com\/es\/wp-json\/wp\/v2\/users\/5"}],"replies":[{"embeddable":true,"href":"https:\/\/calamariadesiurana.com\/es\/wp-json\/wp\/v2\/comments?post=2951"}],"version-history":[{"count":18,"href":"https:\/\/calamariadesiurana.com\/es\/wp-json\/wp\/v2\/pages\/2951\/revisions"}],"predecessor-version":[{"id":3447,"href":"https:\/\/calamariadesiurana.com\/es\/wp-json\/wp\/v2\/pages\/2951\/revisions\/3447"}],"wp:attachment":[{"href":"https:\/\/calamariadesiurana.com\/es\/wp-json\/wp\/v2\/media?parent=2951"}],"curies":[{"name":"wp","href":"https:\/\/api.w.org\/{rel}","templated":true}]}}