{"id":3058,"date":"2024-12-07T07:41:01","date_gmt":"2024-12-07T07:41:01","guid":{"rendered":"https:\/\/calamariadesiurana.com\/normes-i-condicions\/"},"modified":"2025-05-24T16:01:11","modified_gmt":"2025-05-24T16:01:11","slug":"normas-y-condiciones","status":"publish","type":"page","link":"https:\/\/calamariadesiurana.com\/es\/normas-y-condiciones\/","title":{"rendered":"Normas y Condiciones"},"content":{"rendered":"\t\t<div data-elementor-type=\"wp-page\" data-elementor-id=\"3058\" class=\"elementor elementor-3058 elementor-2650\">\n\t\t\t\t\t\t<section class=\"elementor-section elementor-top-section elementor-element elementor-element-38b8f755 elementor-section-height-min-height cs-section-content-fullwidth cs-parallax-on-scroll cs_scroll_y_100 elementor-section-boxed elementor-section-height-default elementor-section-items-middle\" data-id=\"38b8f755\" data-element_type=\"section\" data-e-type=\"section\" data-settings=\"{&quot;background_background&quot;:&quot;classic&quot;}\" data-cs-parallax-y=\"100\" style=\"background-image: none;\" data-cs-background-image=\"https:\/\/calamariadesiurana.com\/wp-content\/uploads\/2025\/05\/calamaria-exterior-piscina.jpg\" data-cs-background-image-alt-text=\"\">\n\t\t\t\t\t\t\t<div class=\"elementor-background-overlay\"><\/div>\n\t\t\t\t\t\t\t<div class=\"elementor-container elementor-column-gap-no\">\n\t\t\t\t\t<div class=\"elementor-column elementor-col-100 elementor-top-column elementor-element elementor-element-3b5053b dark-color\" data-id=\"3b5053b\" data-element_type=\"column\" data-e-type=\"column\">\n\t\t\t<div class=\"elementor-widget-wrap elementor-element-populated\">\n\t\t\t\t\t\t<div class=\"elementor-element elementor-element-13233b53 elementor-widget elementor-widget-cs_title\" data-id=\"13233b53\" data-element_type=\"widget\" data-e-type=\"widget\" data-widget_type=\"cs_title.default\">\n\t\t\t\t<div class=\"elementor-widget-container\">\n\t\t\t\t\t\n        <div class=\"cs-title-wrap text-center\">\t            <h1 class=\"cs-title\">\n\t                Normas y Condiciones\t            <\/h1>        <\/div>\t\t\t\t<\/div>\n\t\t\t\t<\/div>\n\t\t\t\t\t<\/div>\n\t\t<\/div>\n\t\t\t\t\t<\/div>\n\t\t<\/section>\n\t\t<div class=\"elementor-element elementor-element-25295e4 e-flex e-con-boxed e-con e-parent\" data-id=\"25295e4\" data-element_type=\"container\" data-e-type=\"container\">\n\t\t\t\t\t<div class=\"e-con-inner\">\n\t\t\t\t<div class=\"elementor-element elementor-element-c865dad elementor-widget elementor-widget-heading\" data-id=\"c865dad\" data-element_type=\"widget\" data-e-type=\"widget\" data-widget_type=\"heading.default\">\n\t\t\t\t<div class=\"elementor-widget-container\">\n\t\t\t\t\t<p class=\"elementor-heading-title elementor-size-default\">Normas y deberes durante la estancia:<\/p>\t\t\t\t<\/div>\n\t\t\t\t<\/div>\n\t\t\t\t<div class=\"elementor-element elementor-element-bd47602 elementor-align-left elementor-widget elementor-widget-cs_list\" data-id=\"bd47602\" data-element_type=\"widget\" data-e-type=\"widget\" data-widget_type=\"cs_list.default\">\n\t\t\t\t<div class=\"elementor-widget-container\">\n\t\t\t\t\t\n            <ul class=\"cs-list cs-list-type-ordered type-decimal-leading-zero\">                <li>                        <span class=\"list-icon color-primary\">\n                                                    <\/span>                    <span class=\"list-content\">EST\u00c1 PROHIBIDO FUMAR EN TODOS LOS ESPACIOS INTERIORES Y EN LA PISCINA.<\/span>                <\/li>                <li>                        <span class=\"list-icon color-primary\">\n                                                    <\/span>                    <span class=\"list-content\">NO SE PERMITEN FIESTAS NI HACER DEMASIADO RUIDO QUE PUEDA MOLESTAR A LOS VECINOS.<\/span>                <\/li>                <li>                        <span class=\"list-icon color-primary\">\n                                                    <\/span>                    <span class=\"list-content\">NO SE PERMITEN ANIMALES.<\/span>                <\/li>                <li>                        <span class=\"list-icon color-primary\">\n                                                    <\/span>                    <span class=\"list-content\">CERRAR PUERTAS Y VENTANAS CON EL AIRE ACONDICIONADO O LA CALEFACCI\u00d3N ENCENDIDOS.<\/span>                <\/li>                <li>                        <span class=\"list-icon color-primary\">\n                                                    <\/span>                    <span class=\"list-content\">CERRAR PUERTAS, VENTANAS Y DIVERSOS APARATOS EN SU AUSENCIA.<\/span>                <\/li>                <li>                        <span class=\"list-icon color-primary\">\n                                                    <\/span>                    <span class=\"list-content\">INTENTAR NO OLVIDAR APAGAR LAS LUCES Y LOS GRIFOS EN SU AUSENCIA.<\/span>                <\/li>                <li>                        <span class=\"list-icon color-primary\">\n                                                    <\/span>                    <span class=\"list-content\">RECOGER LOS COJINES DEL EXTERIOR, CERRAR LOS PARASOLES Y APILAR LAS TUMBONAS EN CASO DE VIENTO FUERTE O LLUVIA.<\/span>                <\/li>                <li>                        <span class=\"list-icon color-primary\">\n                                                    <\/span>                    <span class=\"list-content\">DURANTE SU ESTANCIA, ABST\u00c9NGASE DE LAVAR LAS S\u00c1BANAS O TOALLAS DE LA CASA POR SU CUENTA. CADA SEMANA LE PROPORCIONAREMOS ROPA LIMPIA.<\/span>                <\/li>                <li>                        <span class=\"list-icon color-primary\">\n                                                    <\/span>                    <span class=\"list-content\">ANTES DEL CHECK-OUT, TIRE LAS BASURAS, LIMPIE LAS BARBACOAS Y LA CHIMENEA.<\/span>                <\/li>                <li>                        <span class=\"list-icon color-primary\">\n                                                    <\/span>                    <span class=\"list-content\">DEJAR LA CASA BIEN ORDENADA TAL COMO SE ENCONTR\u00d3.<\/span>                <\/li>                <li>                        <span class=\"list-icon color-primary\">\n                                                    <\/span>                    <span class=\"list-content\">PARA EVITAR TENER QUE LIMPIAR EL HORNO, UTILICE PAPEL DE HORNO PARA PROTEGER LAS BANDEJAS.<\/span>                <\/li>                <li>                        <span class=\"list-icon color-primary\">\n                                                    <\/span>                    <span class=\"list-content\">EN LA ZONA DE LA PISCINA, EVITEN HACER DEMASIADO RUIDO YA QUE ES UNA ZONA COMPARTIDA.<\/span>                <\/li>            <\/ul>\t\t\t\t<\/div>\n\t\t\t\t<\/div>\n\t\t\t\t<div class=\"elementor-element elementor-element-81226b7 elementor-widget elementor-widget-heading\" data-id=\"81226b7\" data-element_type=\"widget\" data-e-type=\"widget\" data-widget_type=\"heading.default\">\n\t\t\t\t<div class=\"elementor-widget-container\">\n\t\t\t\t\t<p class=\"elementor-heading-title elementor-size-default\">Condiciones de reserva:<\/p>\t\t\t\t<\/div>\n\t\t\t\t<\/div>\n\t\t\t\t<div class=\"elementor-element elementor-element-1f7c353 elementor-align-left elementor-widget elementor-widget-cs_list\" data-id=\"1f7c353\" data-element_type=\"widget\" data-e-type=\"widget\" data-widget_type=\"cs_list.default\">\n\t\t\t\t<div class=\"elementor-widget-container\">\n\t\t\t\t\t\n            <ul class=\"cs-list cs-list-type-ordered type-decimal-leading-zero\">                <li>                        <span class=\"list-icon color-primary\">\n                                                    <\/span>                    <span class=\"list-content\">LAS RESERVAS SE DEBEN REALIZAR AL MENOS DOS D\u00cdAS ANTES DE LA LLEGADA.<\/span>                <\/li>                <li>                        <span class=\"list-icon color-primary\">\n                                                    <\/span>                    <span class=\"list-content\">LAS RESERVAS SE CONSIDERAR\u00c1N CONFIRMADAS UNA VEZ SE HAYA RECIBIDO EL 50% DEL TOTAL.<\/span>                <\/li>                <li>                        <span class=\"list-icon color-primary\">\n                                                    <\/span>                    <span class=\"list-content\">LA CANCELACI\u00d3N DE LA RESERVA EN TEMPORADA ALTA Y EXTRA-ALTA SE ACEPTAR\u00c1 30 D\u00cdAS ANTES DE LA LLEGADA.<\/span>                <\/li>                <li>                        <span class=\"list-icon color-primary\">\n                                                    <\/span>                    <span class=\"list-content\">LA CANCELACI\u00d3N DE LA RESERVA EN TEMPORADA BAJA Y MEDIA SE ACEPTAR\u00c1 10 D\u00cdAS ANTES DE LA LLEGADA.<\/span>                <\/li>                <li>                        <span class=\"list-icon color-primary\">\n                                                    <\/span>                    <span class=\"list-content\">LA FIANZA SE DEBE REALIZAR A TRAV\u00c9S DE BIZUM O TRANSFERENCIA BANCARIA ANTES DEL CHECK-IN.<\/span>                <\/li>                <li>                        <span class=\"list-icon color-primary\">\n                                                    <\/span>                    <span class=\"list-content\">LA FIANZA SE REEMBOLSAR\u00c1 A TRAV\u00c9S DE BIZUM O TRANSFERENCIA BANCARIA UNA VEZ REVISADO TODO, EN UN PLAZO M\u00c1XIMO DE 24 HORAS.<\/span>                <\/li>                <li>                        <span class=\"list-icon color-primary\">\n                                                    <\/span>                    <span class=\"list-content\">LA FIANZA DEL ALOJAMIENTO COMPLETO TIENE UN COSTE DE 500\u20ac, DE LA CASA PRINCIPAL 350\u20ac Y DEL ESTUDIO-SUITE 280\u20ac.<\/span>                <\/li>                <li>                        <span class=\"list-icon color-primary\">\n                                                    <\/span>                    <span class=\"list-content\">EL CHECK-IN SE DEBE REALIZAR A PARTIR DE LAS 16:00H (EXCEPTO SI LA CASA EST\u00c1 DISPONIBLE ANTES).<\/span>                <\/li>                <li>                        <span class=\"list-icon color-primary\">\n                                                    <\/span>                    <span class=\"list-content\">EL CHECK-OUT SE DEBE REALIZAR ANTES DE LAS 10:00H (EXCEPTO SI LA CASA NO EST\u00c1 DISPONIBLE DESPU\u00c9S).<\/span>                <\/li>            <\/ul>\t\t\t\t<\/div>\n\t\t\t\t<\/div>\n\t\t\t\t\t<\/div>\n\t\t\t\t<\/div>\n\t\t\t\t<\/div>\n\t\t","protected":false},"excerpt":{"rendered":"<p>Normas y Condiciones Normas y deberes durante la estancia: EST\u00c1 PROHIBIDO FUMAR EN TODOS LOS ESPACIOS INTERIORES Y EN LA PISCINA. NO SE PERMITEN FIESTAS NI HACER DEMASIADO RUIDO QUE PUEDA MOLESTAR A LOS VECINOS. NO SE PERMITEN ANIMALES. CERRAR PUERTAS Y VENTANAS CON EL AIRE ACONDICIONADO O LA CALEFACCI\u00d3N ENCENDIDOS. CERRAR PUERTAS, VENTANAS Y &#8230;<\/p>\n","protected":false},"author":5,"featured_media":0,"parent":0,"menu_order":0,"comment_status":"closed","ping_status":"closed","template":"template-wide-content.php","meta":{"_monsterinsights_skip_tracking":false,"_monsterinsights_sitenote_active":false,"_monsterinsights_sitenote_note":"","_monsterinsights_sitenote_category":0,"cozystay_single_page_hide_site_header":"","cozystay_single_page_site_header_source":"","cozystay_single_page_custom_site_header":"0","cozystay_single_page_custom_sticky_site_header":"0","cozystay_single_page_hide_page_title":"on","cozystay_single_page_header_section_size":"","cozystay_single_page_header_background_color":"","cozystay_single_page_header_background_position_x":"center","cozystay_single_page_header_background_position_y":"center","cozystay_single_page_header_background_size":"cover","cozystay_single_page_header_background_repeat":"off","cozystay_single_page_header_background_scroll":"on","cozystay_single_page_header_text_color":"","cozystay_single_page_header_show_breadcrumb":"","cozystay_single_page_site_footer_hide_main":"","cozystay_single_custom_site_footer_main_source":"","cozystay_single_custom_site_footer_main":"0","cozystay_single_page_site_footer_hide_above":"","cozystay_single_custom_site_footer_above_source":"","cozystay_single_custom_site_footer_above":"0","cozystay_single_page_site_footer_hide_instagram":"","cozystay_single_page_site_footer_hide_bottom":"","cozystay_single_custom_mobile_menu_source":"","cozystay_single_custom_mobile_menu":"0","cozystay_single_custom_mobile_menu_animation":"","cozystay_single_custom_mobile_menu_width":"","cozystay_single_custom_mobile_menu_custom_width":375,"_joinchat":[],"footnotes":""},"class_list":["post-3058","page","type-page","status-publish","hentry"],"yoast_head":"<!-- This site is optimized with the Yoast SEO plugin v27.5 - https:\/\/yoast.com\/product\/yoast-seo-wordpress\/ -->\n<title>Normas y Condiciones - Ca la Maria de Siurana<\/title>\n<meta name=\"robots\" content=\"index, follow, max-snippet:-1, max-image-preview:large, max-video-preview:-1\" \/>\n<link rel=\"canonical\" href=\"https:\/\/calamariadesiurana.com\/normes-i-condicions\/\" \/>\n<meta property=\"og:locale\" content=\"es_ES\" \/>\n<meta property=\"og:type\" content=\"article\" \/>\n<meta property=\"og:title\" content=\"Normas y Condiciones - Ca la Maria de Siurana\" \/>\n<meta property=\"og:description\" content=\"Normas y Condiciones Normas y deberes durante la estancia: EST\u00c1 PROHIBIDO FUMAR EN TODOS LOS ESPACIOS INTERIORES Y EN LA PISCINA. NO SE PERMITEN FIESTAS NI HACER DEMASIADO RUIDO QUE PUEDA MOLESTAR A LOS VECINOS. NO SE PERMITEN ANIMALES. CERRAR PUERTAS Y VENTANAS CON EL AIRE ACONDICIONADO O LA CALEFACCI\u00d3N ENCENDIDOS. CERRAR PUERTAS, VENTANAS Y ...\" \/>\n<meta property=\"og:url\" content=\"https:\/\/calamariadesiurana.com\/normes-i-condicions\/\" \/>\n<meta property=\"og:site_name\" content=\"Ca la Maria de Siurana\" \/>\n<meta property=\"article:modified_time\" content=\"2025-05-24T16:01:11+00:00\" \/>\n<meta name=\"twitter:card\" content=\"summary_large_image\" \/>\n<meta name=\"twitter:label1\" content=\"Tiempo de lectura\" \/>\n\t<meta name=\"twitter:data1\" content=\"2 minutos\" \/>\n<script type=\"application\/ld+json\" class=\"yoast-schema-graph\">{\"@context\":\"https:\\\/\\\/schema.org\",\"@graph\":[{\"@type\":\"WebPage\",\"@id\":\"https:\\\/\\\/calamariadesiurana.com\\\/normes-i-condicions\\\/\",\"url\":\"https:\\\/\\\/calamariadesiurana.com\\\/normes-i-condicions\\\/\",\"name\":\"Normas y Condiciones - Ca la Maria de Siurana\",\"isPartOf\":{\"@id\":\"https:\\\/\\\/calamariadesiurana.com\\\/#website\"},\"datePublished\":\"2024-12-07T07:41:01+00:00\",\"dateModified\":\"2025-05-24T16:01:11+00:00\",\"breadcrumb\":{\"@id\":\"https:\\\/\\\/calamariadesiurana.com\\\/normes-i-condicions\\\/#breadcrumb\"},\"inLanguage\":\"es\",\"potentialAction\":[{\"@type\":\"ReadAction\",\"target\":[\"https:\\\/\\\/calamariadesiurana.com\\\/normes-i-condicions\\\/\"]}]},{\"@type\":\"BreadcrumbList\",\"@id\":\"https:\\\/\\\/calamariadesiurana.com\\\/normes-i-condicions\\\/#breadcrumb\",\"itemListElement\":[{\"@type\":\"ListItem\",\"position\":1,\"name\":\"Home\",\"item\":\"https:\\\/\\\/calamariadesiurana.com\\\/\"},{\"@type\":\"ListItem\",\"position\":2,\"name\":\"Normas y Condiciones\"}]},{\"@type\":\"WebSite\",\"@id\":\"https:\\\/\\\/calamariadesiurana.com\\\/#website\",\"url\":\"https:\\\/\\\/calamariadesiurana.com\\\/\",\"name\":\"Ca la Maria de Siurana\",\"description\":\"\",\"publisher\":{\"@id\":\"https:\\\/\\\/calamariadesiurana.com\\\/#organization\"},\"potentialAction\":[{\"@type\":\"SearchAction\",\"target\":{\"@type\":\"EntryPoint\",\"urlTemplate\":\"https:\\\/\\\/calamariadesiurana.com\\\/?s={search_term_string}\"},\"query-input\":{\"@type\":\"PropertyValueSpecification\",\"valueRequired\":true,\"valueName\":\"search_term_string\"}}],\"inLanguage\":\"es\"},{\"@type\":\"Organization\",\"@id\":\"https:\\\/\\\/calamariadesiurana.com\\\/#organization\",\"name\":\"Ca la Maria de Siurana\",\"url\":\"https:\\\/\\\/calamariadesiurana.com\\\/\",\"logo\":{\"@type\":\"ImageObject\",\"inLanguage\":\"es\",\"@id\":\"https:\\\/\\\/calamariadesiurana.com\\\/#\\\/schema\\\/logo\\\/image\\\/\",\"url\":\"https:\\\/\\\/calamariadesiurana.com\\\/wp-content\\\/uploads\\\/2017\\\/04\\\/cropped-cropped-calamarialogo2-2.png\",\"contentUrl\":\"https:\\\/\\\/calamariadesiurana.com\\\/wp-content\\\/uploads\\\/2017\\\/04\\\/cropped-cropped-calamarialogo2-2.png\",\"width\":308,\"height\":80,\"caption\":\"Ca la Maria de Siurana\"},\"image\":{\"@id\":\"https:\\\/\\\/calamariadesiurana.com\\\/#\\\/schema\\\/logo\\\/image\\\/\"}}]}<\/script>\n<!-- \/ Yoast SEO plugin. -->","yoast_head_json":{"title":"Normas y Condiciones - Ca la Maria de Siurana","robots":{"index":"index","follow":"follow","max-snippet":"max-snippet:-1","max-image-preview":"max-image-preview:large","max-video-preview":"max-video-preview:-1"},"canonical":"https:\/\/calamariadesiurana.com\/normes-i-condicions\/","og_locale":"es_ES","og_type":"article","og_title":"Normas y Condiciones - Ca la Maria de Siurana","og_description":"Normas y Condiciones Normas y deberes durante la estancia: EST\u00c1 PROHIBIDO FUMAR EN TODOS LOS ESPACIOS INTERIORES Y EN LA PISCINA. NO SE PERMITEN FIESTAS NI HACER DEMASIADO RUIDO QUE PUEDA MOLESTAR A LOS VECINOS. NO SE PERMITEN ANIMALES. CERRAR PUERTAS Y VENTANAS CON EL AIRE ACONDICIONADO O LA CALEFACCI\u00d3N ENCENDIDOS. CERRAR PUERTAS, VENTANAS Y ...","og_url":"https:\/\/calamariadesiurana.com\/normes-i-condicions\/","og_site_name":"Ca la Maria de Siurana","article_modified_time":"2025-05-24T16:01:11+00:00","twitter_card":"summary_large_image","twitter_misc":{"Tiempo de lectura":"2 minutos"},"schema":{"@context":"https:\/\/schema.org","@graph":[{"@type":"WebPage","@id":"https:\/\/calamariadesiurana.com\/normes-i-condicions\/","url":"https:\/\/calamariadesiurana.com\/normes-i-condicions\/","name":"Normas y Condiciones - Ca la Maria de Siurana","isPartOf":{"@id":"https:\/\/calamariadesiurana.com\/#website"},"datePublished":"2024-12-07T07:41:01+00:00","dateModified":"2025-05-24T16:01:11+00:00","breadcrumb":{"@id":"https:\/\/calamariadesiurana.com\/normes-i-condicions\/#breadcrumb"},"inLanguage":"es","potentialAction":[{"@type":"ReadAction","target":["https:\/\/calamariadesiurana.com\/normes-i-condicions\/"]}]},{"@type":"BreadcrumbList","@id":"https:\/\/calamariadesiurana.com\/normes-i-condicions\/#breadcrumb","itemListElement":[{"@type":"ListItem","position":1,"name":"Home","item":"https:\/\/calamariadesiurana.com\/"},{"@type":"ListItem","position":2,"name":"Normas y Condiciones"}]},{"@type":"WebSite","@id":"https:\/\/calamariadesiurana.com\/#website","url":"https:\/\/calamariadesiurana.com\/","name":"Ca la Maria de Siurana","description":"","publisher":{"@id":"https:\/\/calamariadesiurana.com\/#organization"},"potentialAction":[{"@type":"SearchAction","target":{"@type":"EntryPoint","urlTemplate":"https:\/\/calamariadesiurana.com\/?s={search_term_string}"},"query-input":{"@type":"PropertyValueSpecification","valueRequired":true,"valueName":"search_term_string"}}],"inLanguage":"es"},{"@type":"Organization","@id":"https:\/\/calamariadesiurana.com\/#organization","name":"Ca la Maria de Siurana","url":"https:\/\/calamariadesiurana.com\/","logo":{"@type":"ImageObject","inLanguage":"es","@id":"https:\/\/calamariadesiurana.com\/#\/schema\/logo\/image\/","url":"https:\/\/calamariadesiurana.com\/wp-content\/uploads\/2017\/04\/cropped-cropped-calamarialogo2-2.png","contentUrl":"https:\/\/calamariadesiurana.com\/wp-content\/uploads\/2017\/04\/cropped-cropped-calamarialogo2-2.png","width":308,"height":80,"caption":"Ca la Maria de Siurana"},"image":{"@id":"https:\/\/calamariadesiurana.com\/#\/schema\/logo\/image\/"}}]}},"_links":{"self":[{"href":"https:\/\/calamariadesiurana.com\/es\/wp-json\/wp\/v2\/pages\/3058","targetHints":{"allow":["GET"]}}],"collection":[{"href":"https:\/\/calamariadesiurana.com\/es\/wp-json\/wp\/v2\/pages"}],"about":[{"href":"https:\/\/calamariadesiurana.com\/es\/wp-json\/wp\/v2\/types\/page"}],"author":[{"embeddable":true,"href":"https:\/\/calamariadesiurana.com\/es\/wp-json\/wp\/v2\/users\/5"}],"replies":[{"embeddable":true,"href":"https:\/\/calamariadesiurana.com\/es\/wp-json\/wp\/v2\/comments?post=3058"}],"version-history":[{"count":5,"href":"https:\/\/calamariadesiurana.com\/es\/wp-json\/wp\/v2\/pages\/3058\/revisions"}],"predecessor-version":[{"id":3272,"href":"https:\/\/calamariadesiurana.com\/es\/wp-json\/wp\/v2\/pages\/3058\/revisions\/3272"}],"wp:attachment":[{"href":"https:\/\/calamariadesiurana.com\/es\/wp-json\/wp\/v2\/media?parent=3058"}],"curies":[{"name":"wp","href":"https:\/\/api.w.org\/{rel}","templated":true}]}}