{"id":2950,"date":"2023-03-28T04:41:51","date_gmt":"2023-03-28T04:41:51","guid":{"rendered":"https:\/\/calamariadesiurana.com\/entorn\/"},"modified":"2024-12-15T18:30:37","modified_gmt":"2024-12-15T18:30:37","slug":"environnement","status":"publish","type":"page","link":"https:\/\/calamariadesiurana.com\/fr\/environnement\/","title":{"rendered":"Environnement"},"content":{"rendered":"\t\t<div data-elementor-type=\"wp-page\" data-elementor-id=\"2950\" class=\"elementor elementor-2950 elementor-1764\">\n\t\t\t\t\t\t<section class=\"elementor-section elementor-top-section elementor-element elementor-element-6e1c050c elementor-section-height-min-height cs-section-content-fullwidth cs-parallax-on-scroll cs_scroll_y_80 elementor-section-boxed elementor-section-height-default elementor-section-items-middle\" data-id=\"6e1c050c\" data-element_type=\"section\" data-e-type=\"section\" data-settings=\"{&quot;background_background&quot;:&quot;classic&quot;}\" data-cs-parallax-y=\"80\" style=\"background-image: none;\" data-cs-background-image=\"https:\/\/calamariadesiurana.com\/wp-content\/uploads\/2024\/12\/costa-brava-entorn.webp\" data-cs-background-image-alt-text=\"\">\n\t\t\t\t\t\t\t<div class=\"elementor-background-overlay\"><\/div>\n\t\t\t\t\t\t\t<div class=\"elementor-container elementor-column-gap-no\">\n\t\t\t\t\t<div class=\"elementor-column elementor-col-100 elementor-top-column elementor-element elementor-element-a3b7434 dark-color\" data-id=\"a3b7434\" data-element_type=\"column\" data-e-type=\"column\">\n\t\t\t<div class=\"elementor-widget-wrap elementor-element-populated\">\n\t\t\t\t\t\t<div class=\"elementor-element elementor-element-fc08beb elementor-widget elementor-widget-cs_title\" data-id=\"fc08beb\" data-element_type=\"widget\" data-e-type=\"widget\" data-widget_type=\"cs_title.default\">\n\t\t\t\t<div class=\"elementor-widget-container\">\n\t\t\t\t\t\n        <div class=\"cs-title-wrap text-center\">\t            <h1 class=\"cs-title\">\n\t                Environnement\t            <\/h1>\t            <div class=\"cs-title-text\">\n\t                <p>Entour\u00e9 de for\u00eats, le village de Siurana b\u00e9n\u00e9ficie d&rsquo;un emplacement id\u00e9al pour visiter toute la r\u00e9gion, se perdre dans les villages m\u00e9di\u00e9vaux de l&rsquo;int\u00e9rieur ou profiter des paysages incroyables et des plages de la Costa Brava.<\/p>\n\t            <\/div>        <\/div>\t\t\t\t<\/div>\n\t\t\t\t<\/div>\n\t\t\t\t\t<\/div>\n\t\t<\/div>\n\t\t\t\t\t<\/div>\n\t\t<\/section>\n\t\t<div class=\"elementor-element elementor-element-b5c5d36 e-flex e-con-boxed e-con e-parent\" data-id=\"b5c5d36\" data-element_type=\"container\" data-e-type=\"container\">\n\t\t\t\t\t<div class=\"e-con-inner\">\n\t\t<div class=\"elementor-element elementor-element-6a7592a e-con-full e-flex e-con e-child\" data-id=\"6a7592a\" data-element_type=\"container\" data-e-type=\"container\">\n\t\t\t\t<div class=\"elementor-element elementor-element-f523c65 elementor-widget elementor-widget-cs_call_to_action\" data-id=\"f523c65\" data-element_type=\"widget\" data-e-type=\"widget\" data-widget_type=\"cs_call_to_action.default\">\n\t\t\t\t<div class=\"elementor-widget-container\">\n\t\t\t\t\t\n\t\t<div class=\"cs-cta cta-layout-text-normal text-left cta-hover-img-zoom\">\n            <div class=\"cs-cta-wrap\">\t\t                <div class=\"cs-cta-img-wrap\">\n\t\t\t\t\t        <div class=\"cs-cta-img\">\n\t\t\t\t\t            <img decoding=\"async\" src=\"https:\/\/calamariadesiurana.com\/wp-content\/uploads\/elementor\/thumbs\/figueres-mueseu-dali-llocs-d-interes-qy4e2gotpkepnnk72root537us5nk775f8o81kog34.webp\" title=\"figueres-mueseu-dali-llocs-d-interes\" alt=\"figueres-mueseu-dali-llocs-d-interes\" loading=\"lazy\" \/>\t\t\t\t\t        <\/div>\n\t\t\t\t\t        <div class=\"cs-offset-border\"><\/div>\n\t\t\t\t\t\t<\/div>                <div class=\"cs-cta-overlay\"><\/div>\n                <div class=\"cs-cta-content\">\t\t\t\t\t<div class=\"cs-subtitle-wrap\"><span class=\"cs-subtitle\">Lieux d'int\u00e9r\u00eat<\/span><\/div>\t\t            <h6 class=\"cs-cta-title cs-title\">\n\t\t                Siurana, Figueres etla Costa Brava\t\t            <\/h6>\t\t            <div class=\"cs-cta-text\">\n\t\t                <p>D\u00e9couvrez les paysages de Siurana, visitez Figueres et son embl\u00e9matique Mus\u00e9e Dal\u00ed, et laissez-vous s\u00e9duire par les plages et les villages pittoresques de la Costa Brava.<\/p>\n\t\t            <\/div>\t                <div class=\"cs-cta-btn\">\n\t                    <a class=\"button cs-btn-underline cs-btn-small cs-btn-with-icon\" role=\"button\" href=\"https:\/\/calamariadesiurana.com\/fr\/environnement\/lieux-d-interet\/\">\n\t                        <span class=\"cs-btn-text\">D\u00e9couvrez-en plus<\/span>\t\t\t\t            \t<span class=\"cs-btn-icon icon-arrow\"><\/span>\t                    <\/a>\n\t                <\/div>\t\t\t<\/div>                <a class=\"cs-cta-link\" href=\"https:\/\/calamariadesiurana.com\/fr\/environnement\/lieux-d-interet\/\" aria-label=\"Call to Action Link\"><\/a>            <\/div>\n        <\/div>\t\t\t\t<\/div>\n\t\t\t\t<\/div>\n\t\t\t\t<\/div>\n\t\t<div class=\"elementor-element elementor-element-4d1dc9a e-con-full e-flex e-con e-child\" data-id=\"4d1dc9a\" data-element_type=\"container\" data-e-type=\"container\">\n\t\t\t\t<div class=\"elementor-element elementor-element-29826f2 elementor-widget elementor-widget-cs_call_to_action\" data-id=\"29826f2\" data-element_type=\"widget\" data-e-type=\"widget\" data-widget_type=\"cs_call_to_action.default\">\n\t\t\t\t<div class=\"elementor-widget-container\">\n\t\t\t\t\t\n\t\t<div class=\"cs-cta cta-layout-text-normal text-left cta-hover-img-zoom\">\n            <div class=\"cs-cta-wrap\">\t\t                <div class=\"cs-cta-img-wrap\">\n\t\t\t\t\t        <div class=\"cs-cta-img\">\n\t\t\t\t\t            <img decoding=\"async\" src=\"https:\/\/calamariadesiurana.com\/wp-content\/uploads\/elementor\/thumbs\/img-40-qxyecy3lqg02uden8ky3x8q4hlecwnmxfi4h34or5c.jpg\" title=\"img-40.jpg\" alt=\"img-40.jpg\" loading=\"lazy\" \/>\t\t\t\t\t        <\/div>\n\t\t\t\t\t        <div class=\"cs-offset-border\"><\/div>\n\t\t\t\t\t\t<\/div>                <div class=\"cs-cta-overlay\"><\/div>\n                <div class=\"cs-cta-content\">\t\t\t\t\t<div class=\"cs-subtitle-wrap\"><span class=\"cs-subtitle\">Restaurants <\/span><\/div>\t\t            <h6 class=\"cs-cta-title cs-title\">\n\t\t                Gastronomie vivante\t\t            <\/h6>\t\t            <div class=\"cs-cta-text\">\n\t\t                <p>Les produits de saison, la cuisine de march\u00e9 et les ingr\u00e9dients locaux caract\u00e9risent la cuisine de l\u2019Empord\u00e0. Profitez-en avec tous vos sens. Nous vous aidons \u00e0 le faire!<\/p>\n\t\t            <\/div>\t                <div class=\"cs-cta-btn\">\n\t                    <a class=\"button cs-btn-underline cs-btn-small cs-btn-with-icon\" role=\"button\" href=\"https:\/\/calamariadesiurana.com\/fr\/environnement\/restaurants\/\">\n\t                        <span class=\"cs-btn-text\">D\u00e9couvrez-en plus<\/span>\t\t\t\t            \t<span class=\"cs-btn-icon icon-arrow\"><\/span>\t                    <\/a>\n\t                <\/div>\t\t\t<\/div>                <a class=\"cs-cta-link\" href=\"https:\/\/calamariadesiurana.com\/fr\/environnement\/restaurants\/\" aria-label=\"Call to Action Link\"><\/a>            <\/div>\n        <\/div>\t\t\t\t<\/div>\n\t\t\t\t<\/div>\n\t\t\t\t<\/div>\n\t\t<div class=\"elementor-element elementor-element-180968a e-con-full e-flex e-con e-child\" data-id=\"180968a\" data-element_type=\"container\" data-e-type=\"container\">\n\t\t\t\t<div class=\"elementor-element elementor-element-c1bf7a7 elementor-widget elementor-widget-cs_call_to_action\" data-id=\"c1bf7a7\" data-element_type=\"widget\" data-e-type=\"widget\" data-widget_type=\"cs_call_to_action.default\">\n\t\t\t\t<div class=\"elementor-widget-container\">\n\t\t\t\t\t\n\t\t<div class=\"cs-cta cta-layout-text-normal text-left cta-hover-img-zoom\">\n            <div class=\"cs-cta-wrap\">\t\t                <div class=\"cs-cta-img-wrap\">\n\t\t\t\t\t        <div class=\"cs-cta-img\">\n\t\t\t\t\t            <img decoding=\"async\" src=\"https:\/\/calamariadesiurana.com\/wp-content\/uploads\/elementor\/thumbs\/mercat-de-figueres-qyjzh3decr8jyehr6xax124tdgj7ztzysklg0q6cmo.webp\" title=\"mercat-de-figueres\" alt=\"mercat-de-figueres\" loading=\"lazy\" \/>\t\t\t\t\t        <\/div>\n\t\t\t\t\t        <div class=\"cs-offset-border\"><\/div>\n\t\t\t\t\t\t<\/div>                <div class=\"cs-cta-overlay\"><\/div>\n                <div class=\"cs-cta-content\">\t\t\t\t\t<div class=\"cs-subtitle-wrap\"><span class=\"cs-subtitle\">Commerces<\/span><\/div>\t\t            <h6 class=\"cs-cta-title cs-title\">\n\t\t                Commerces locaux et de qualit\u00e9\t\t            <\/h6>\t\t            <div class=\"cs-cta-text\">\n\t\t                <p>Trouve tout ce dont tu as besoin pour profiter de ton s\u00e9jour, tout en consommant des produits locaux et de qualit\u00e9, \u00e9labor\u00e9s par des producteurs artisanaux de l&rsquo;Alt Empord\u00e0.<\/p>\n\t\t            <\/div>\t                <div class=\"cs-cta-btn\">\n\t                    <a class=\"button cs-btn-underline cs-btn-small cs-btn-with-icon\" role=\"button\" href=\"https:\/\/calamariadesiurana.com\/fr\/environnement\/commerces\/\">\n\t                        <span class=\"cs-btn-text\">D\u00e9couvrez-en plus<\/span>\t\t\t\t            \t<span class=\"cs-btn-icon icon-arrow\"><\/span>\t                    <\/a>\n\t                <\/div>\t\t\t<\/div>                <a class=\"cs-cta-link\" href=\"https:\/\/calamariadesiurana.com\/fr\/environnement\/commerces\/\" aria-label=\"Call to Action Link\"><\/a>            <\/div>\n        <\/div>\t\t\t\t<\/div>\n\t\t\t\t<\/div>\n\t\t\t\t<\/div>\n\t\t<div class=\"elementor-element elementor-element-b77347a e-con-full e-flex e-con e-child\" data-id=\"b77347a\" data-element_type=\"container\" data-e-type=\"container\">\n\t\t\t\t<div class=\"elementor-element elementor-element-e82a54e elementor-widget elementor-widget-cs_call_to_action\" data-id=\"e82a54e\" data-element_type=\"widget\" data-e-type=\"widget\" data-widget_type=\"cs_call_to_action.default\">\n\t\t\t\t<div class=\"elementor-widget-container\">\n\t\t\t\t\t\n\t\t<div class=\"cs-cta cta-layout-text-normal text-left cta-hover-img-zoom\">\n            <div class=\"cs-cta-wrap\">\t\t                <div class=\"cs-cta-img-wrap\">\n\t\t\t\t\t        <div class=\"cs-cta-img\">\n\t\t\t\t\t            <img decoding=\"async\" src=\"https:\/\/calamariadesiurana.com\/wp-content\/uploads\/elementor\/thumbs\/kitesurf-oci-i-aire-lliure-qy4e2fqziqdfc1lk89a28nbr9eaaci3f340qkapu9c.webp\" title=\"kitesurf-oci-i-aire-lliure\" alt=\"kitesurf-oci-i-aire-lliure\" loading=\"lazy\" \/>\t\t\t\t\t        <\/div>\n\t\t\t\t\t        <div class=\"cs-offset-border\"><\/div>\n\t\t\t\t\t\t<\/div>                <div class=\"cs-cta-overlay\"><\/div>\n                <div class=\"cs-cta-content\">\t\t\t\t\t<div class=\"cs-subtitle-wrap\"><span class=\"cs-subtitle\">Loisirs et Sports<\/span><\/div>\t\t            <h6 class=\"cs-cta-title cs-title\">\n\t\t                Activit\u00e9s de plein air\t\t            <\/h6>\t\t            <div class=\"cs-cta-text\">\n\t\t                <p>Saviez-vous que nous sommes situ\u00e9s dans une magnifique r\u00e9gion pour profiter de l\u2019ext\u00e9rieur, avec des options pour tous les go\u00fbts? Du trekking et des aventures aux promenades dans la nature.<\/p>\n\t\t            <\/div>\t                <div class=\"cs-cta-btn\">\n\t                    <a class=\"button cs-btn-underline cs-btn-small cs-btn-with-icon\" role=\"button\" href=\"https:\/\/calamariadesiurana.com\/fr\/environnement\/loisirs-et-sports\/\">\n\t                        <span class=\"cs-btn-text\">D\u00e9couvrez-en plus<\/span>\t\t\t\t            \t<span class=\"cs-btn-icon icon-arrow\"><\/span>\t                    <\/a>\n\t                <\/div>\t\t\t<\/div>                <a class=\"cs-cta-link\" href=\"https:\/\/calamariadesiurana.com\/fr\/environnement\/loisirs-et-sports\/\" aria-label=\"Call to Action Link\"><\/a>            <\/div>\n        <\/div>\t\t\t\t<\/div>\n\t\t\t\t<\/div>\n\t\t\t\t<\/div>\n\t\t\t\t\t<\/div>\n\t\t\t\t<\/div>\n\t\t\t\t<\/div>\n\t\t","protected":false},"excerpt":{"rendered":"<p>Environnement Entour\u00e9 de for\u00eats, le village de Siurana b\u00e9n\u00e9ficie d&#8217;un emplacement id\u00e9al pour visiter toute la r\u00e9gion, se perdre dans les villages m\u00e9di\u00e9vaux de l&#8217;int\u00e9rieur ou profiter des paysages incroyables et des plages de la Costa Brava. Lieux d&rsquo;int\u00e9r\u00eat Siurana, Figueres etla Costa Brava D\u00e9couvrez les paysages de Siurana, visitez Figueres et son embl\u00e9matique Mus\u00e9e &#8230;<\/p>\n","protected":false},"author":5,"featured_media":0,"parent":0,"menu_order":0,"comment_status":"closed","ping_status":"closed","template":"template-wide-content.php","meta":{"_monsterinsights_skip_tracking":false,"_monsterinsights_sitenote_active":false,"_monsterinsights_sitenote_note":"","_monsterinsights_sitenote_category":0,"cozystay_single_page_hide_site_header":"","cozystay_single_page_site_header_source":"","cozystay_single_page_custom_site_header":"0","cozystay_single_page_custom_sticky_site_header":"0","cozystay_single_page_hide_page_title":"on","cozystay_single_page_header_section_size":"","cozystay_single_page_header_background_color":"","cozystay_single_page_header_background_position_x":"center","cozystay_single_page_header_background_position_y":"center","cozystay_single_page_header_background_size":"cover","cozystay_single_page_header_background_repeat":"off","cozystay_single_page_header_background_scroll":"on","cozystay_single_page_header_text_color":"","cozystay_single_page_header_show_breadcrumb":"","cozystay_single_page_site_footer_hide_main":"","cozystay_single_custom_site_footer_main_source":"","cozystay_single_custom_site_footer_main":"0","cozystay_single_page_site_footer_hide_above":"","cozystay_single_custom_site_footer_above_source":"","cozystay_single_custom_site_footer_above":"0","cozystay_single_page_site_footer_hide_instagram":"","cozystay_single_page_site_footer_hide_bottom":"","cozystay_single_custom_mobile_menu_source":"","cozystay_single_custom_mobile_menu":"0","cozystay_single_custom_mobile_menu_animation":"","cozystay_single_custom_mobile_menu_width":"","cozystay_single_custom_mobile_menu_custom_width":375,"_joinchat":[],"footnotes":""},"class_list":["post-2950","page","type-page","status-publish","hentry"],"yoast_head":"<!-- This site is optimized with the Yoast SEO plugin v27.5 - https:\/\/yoast.com\/product\/yoast-seo-wordpress\/ -->\n<title>Environnement - Ca la Maria de Siurana<\/title>\n<meta name=\"robots\" content=\"index, follow, max-snippet:-1, max-image-preview:large, max-video-preview:-1\" \/>\n<link rel=\"canonical\" href=\"https:\/\/calamariadesiurana.com\/entorn\/\" \/>\n<meta property=\"og:locale\" content=\"fr_FR\" \/>\n<meta property=\"og:type\" content=\"article\" \/>\n<meta property=\"og:title\" content=\"Environnement - Ca la Maria de Siurana\" \/>\n<meta property=\"og:description\" content=\"Environnement Entour\u00e9 de for\u00eats, le village de Siurana b\u00e9n\u00e9ficie d&#8217;un emplacement id\u00e9al pour visiter toute la r\u00e9gion, se perdre dans les villages m\u00e9di\u00e9vaux de l&#8217;int\u00e9rieur ou profiter des paysages incroyables et des plages de la Costa Brava. Lieux d&rsquo;int\u00e9r\u00eat Siurana, Figueres etla Costa Brava D\u00e9couvrez les paysages de Siurana, visitez Figueres et son embl\u00e9matique Mus\u00e9e ...\" \/>\n<meta property=\"og:url\" content=\"https:\/\/calamariadesiurana.com\/entorn\/\" \/>\n<meta property=\"og:site_name\" content=\"Ca la Maria de Siurana\" \/>\n<meta property=\"article:modified_time\" content=\"2024-12-15T18:30:37+00:00\" \/>\n<meta property=\"og:image\" content=\"https:\/\/calamariadesiurana.com\/wp-content\/uploads\/elementor\/thumbs\/figueres-mueseu-dali-llocs-d-interes-qy4e2gotpkepnnk72root537us5nk775f8o81kog34.webp\" \/>\n<meta name=\"twitter:card\" content=\"summary_large_image\" \/>\n<meta name=\"twitter:label1\" content=\"Dur\u00e9e de lecture estim\u00e9e\" \/>\n\t<meta name=\"twitter:data1\" content=\"2 minutes\" \/>\n<script type=\"application\/ld+json\" class=\"yoast-schema-graph\">{\"@context\":\"https:\\\/\\\/schema.org\",\"@graph\":[{\"@type\":\"WebPage\",\"@id\":\"https:\\\/\\\/calamariadesiurana.com\\\/entorn\\\/\",\"url\":\"https:\\\/\\\/calamariadesiurana.com\\\/entorn\\\/\",\"name\":\"Environnement - Ca la Maria de Siurana\",\"isPartOf\":{\"@id\":\"https:\\\/\\\/calamariadesiurana.com\\\/#website\"},\"primaryImageOfPage\":{\"@id\":\"https:\\\/\\\/calamariadesiurana.com\\\/entorn\\\/#primaryimage\"},\"image\":{\"@id\":\"https:\\\/\\\/calamariadesiurana.com\\\/entorn\\\/#primaryimage\"},\"thumbnailUrl\":\"https:\\\/\\\/calamariadesiurana.com\\\/wp-content\\\/uploads\\\/elementor\\\/thumbs\\\/figueres-mueseu-dali-llocs-d-interes-qy4e2gotpkepnnk72root537us5nk775f8o81kog34.webp\",\"datePublished\":\"2023-03-28T04:41:51+00:00\",\"dateModified\":\"2024-12-15T18:30:37+00:00\",\"breadcrumb\":{\"@id\":\"https:\\\/\\\/calamariadesiurana.com\\\/entorn\\\/#breadcrumb\"},\"inLanguage\":\"fr-FR\",\"potentialAction\":[{\"@type\":\"ReadAction\",\"target\":[\"https:\\\/\\\/calamariadesiurana.com\\\/entorn\\\/\"]}]},{\"@type\":\"ImageObject\",\"inLanguage\":\"fr-FR\",\"@id\":\"https:\\\/\\\/calamariadesiurana.com\\\/entorn\\\/#primaryimage\",\"url\":\"https:\\\/\\\/calamariadesiurana.com\\\/wp-content\\\/uploads\\\/elementor\\\/thumbs\\\/figueres-mueseu-dali-llocs-d-interes-qy4e2gotpkepnnk72root537us5nk775f8o81kog34.webp\",\"contentUrl\":\"https:\\\/\\\/calamariadesiurana.com\\\/wp-content\\\/uploads\\\/elementor\\\/thumbs\\\/figueres-mueseu-dali-llocs-d-interes-qy4e2gotpkepnnk72root537us5nk775f8o81kog34.webp\"},{\"@type\":\"BreadcrumbList\",\"@id\":\"https:\\\/\\\/calamariadesiurana.com\\\/entorn\\\/#breadcrumb\",\"itemListElement\":[{\"@type\":\"ListItem\",\"position\":1,\"name\":\"Home\",\"item\":\"https:\\\/\\\/calamariadesiurana.com\\\/\"},{\"@type\":\"ListItem\",\"position\":2,\"name\":\"Environnement\"}]},{\"@type\":\"WebSite\",\"@id\":\"https:\\\/\\\/calamariadesiurana.com\\\/#website\",\"url\":\"https:\\\/\\\/calamariadesiurana.com\\\/\",\"name\":\"Ca la Maria de Siurana\",\"description\":\"\",\"publisher\":{\"@id\":\"https:\\\/\\\/calamariadesiurana.com\\\/#organization\"},\"potentialAction\":[{\"@type\":\"SearchAction\",\"target\":{\"@type\":\"EntryPoint\",\"urlTemplate\":\"https:\\\/\\\/calamariadesiurana.com\\\/?s={search_term_string}\"},\"query-input\":{\"@type\":\"PropertyValueSpecification\",\"valueRequired\":true,\"valueName\":\"search_term_string\"}}],\"inLanguage\":\"fr-FR\"},{\"@type\":\"Organization\",\"@id\":\"https:\\\/\\\/calamariadesiurana.com\\\/#organization\",\"name\":\"Ca la Maria de Siurana\",\"url\":\"https:\\\/\\\/calamariadesiurana.com\\\/\",\"logo\":{\"@type\":\"ImageObject\",\"inLanguage\":\"fr-FR\",\"@id\":\"https:\\\/\\\/calamariadesiurana.com\\\/#\\\/schema\\\/logo\\\/image\\\/\",\"url\":\"https:\\\/\\\/calamariadesiurana.com\\\/wp-content\\\/uploads\\\/2017\\\/04\\\/cropped-cropped-calamarialogo2-2.png\",\"contentUrl\":\"https:\\\/\\\/calamariadesiurana.com\\\/wp-content\\\/uploads\\\/2017\\\/04\\\/cropped-cropped-calamarialogo2-2.png\",\"width\":308,\"height\":80,\"caption\":\"Ca la Maria de Siurana\"},\"image\":{\"@id\":\"https:\\\/\\\/calamariadesiurana.com\\\/#\\\/schema\\\/logo\\\/image\\\/\"}}]}<\/script>\n<!-- \/ Yoast SEO plugin. -->","yoast_head_json":{"title":"Environnement - Ca la Maria de Siurana","robots":{"index":"index","follow":"follow","max-snippet":"max-snippet:-1","max-image-preview":"max-image-preview:large","max-video-preview":"max-video-preview:-1"},"canonical":"https:\/\/calamariadesiurana.com\/entorn\/","og_locale":"fr_FR","og_type":"article","og_title":"Environnement - Ca la Maria de Siurana","og_description":"Environnement Entour\u00e9 de for\u00eats, le village de Siurana b\u00e9n\u00e9ficie d&#8217;un emplacement id\u00e9al pour visiter toute la r\u00e9gion, se perdre dans les villages m\u00e9di\u00e9vaux de l&#8217;int\u00e9rieur ou profiter des paysages incroyables et des plages de la Costa Brava. Lieux d&rsquo;int\u00e9r\u00eat Siurana, Figueres etla Costa Brava D\u00e9couvrez les paysages de Siurana, visitez Figueres et son embl\u00e9matique Mus\u00e9e ...","og_url":"https:\/\/calamariadesiurana.com\/entorn\/","og_site_name":"Ca la Maria de Siurana","article_modified_time":"2024-12-15T18:30:37+00:00","og_image":[{"url":"https:\/\/calamariadesiurana.com\/wp-content\/uploads\/elementor\/thumbs\/figueres-mueseu-dali-llocs-d-interes-qy4e2gotpkepnnk72root537us5nk775f8o81kog34.webp","type":"","width":"","height":""}],"twitter_card":"summary_large_image","twitter_misc":{"Dur\u00e9e de lecture estim\u00e9e":"2 minutes"},"schema":{"@context":"https:\/\/schema.org","@graph":[{"@type":"WebPage","@id":"https:\/\/calamariadesiurana.com\/entorn\/","url":"https:\/\/calamariadesiurana.com\/entorn\/","name":"Environnement - Ca la Maria de Siurana","isPartOf":{"@id":"https:\/\/calamariadesiurana.com\/#website"},"primaryImageOfPage":{"@id":"https:\/\/calamariadesiurana.com\/entorn\/#primaryimage"},"image":{"@id":"https:\/\/calamariadesiurana.com\/entorn\/#primaryimage"},"thumbnailUrl":"https:\/\/calamariadesiurana.com\/wp-content\/uploads\/elementor\/thumbs\/figueres-mueseu-dali-llocs-d-interes-qy4e2gotpkepnnk72root537us5nk775f8o81kog34.webp","datePublished":"2023-03-28T04:41:51+00:00","dateModified":"2024-12-15T18:30:37+00:00","breadcrumb":{"@id":"https:\/\/calamariadesiurana.com\/entorn\/#breadcrumb"},"inLanguage":"fr-FR","potentialAction":[{"@type":"ReadAction","target":["https:\/\/calamariadesiurana.com\/entorn\/"]}]},{"@type":"ImageObject","inLanguage":"fr-FR","@id":"https:\/\/calamariadesiurana.com\/entorn\/#primaryimage","url":"https:\/\/calamariadesiurana.com\/wp-content\/uploads\/elementor\/thumbs\/figueres-mueseu-dali-llocs-d-interes-qy4e2gotpkepnnk72root537us5nk775f8o81kog34.webp","contentUrl":"https:\/\/calamariadesiurana.com\/wp-content\/uploads\/elementor\/thumbs\/figueres-mueseu-dali-llocs-d-interes-qy4e2gotpkepnnk72root537us5nk775f8o81kog34.webp"},{"@type":"BreadcrumbList","@id":"https:\/\/calamariadesiurana.com\/entorn\/#breadcrumb","itemListElement":[{"@type":"ListItem","position":1,"name":"Home","item":"https:\/\/calamariadesiurana.com\/"},{"@type":"ListItem","position":2,"name":"Environnement"}]},{"@type":"WebSite","@id":"https:\/\/calamariadesiurana.com\/#website","url":"https:\/\/calamariadesiurana.com\/","name":"Ca la Maria de Siurana","description":"","publisher":{"@id":"https:\/\/calamariadesiurana.com\/#organization"},"potentialAction":[{"@type":"SearchAction","target":{"@type":"EntryPoint","urlTemplate":"https:\/\/calamariadesiurana.com\/?s={search_term_string}"},"query-input":{"@type":"PropertyValueSpecification","valueRequired":true,"valueName":"search_term_string"}}],"inLanguage":"fr-FR"},{"@type":"Organization","@id":"https:\/\/calamariadesiurana.com\/#organization","name":"Ca la Maria de Siurana","url":"https:\/\/calamariadesiurana.com\/","logo":{"@type":"ImageObject","inLanguage":"fr-FR","@id":"https:\/\/calamariadesiurana.com\/#\/schema\/logo\/image\/","url":"https:\/\/calamariadesiurana.com\/wp-content\/uploads\/2017\/04\/cropped-cropped-calamarialogo2-2.png","contentUrl":"https:\/\/calamariadesiurana.com\/wp-content\/uploads\/2017\/04\/cropped-cropped-calamarialogo2-2.png","width":308,"height":80,"caption":"Ca la Maria de Siurana"},"image":{"@id":"https:\/\/calamariadesiurana.com\/#\/schema\/logo\/image\/"}}]}},"_links":{"self":[{"href":"https:\/\/calamariadesiurana.com\/fr\/wp-json\/wp\/v2\/pages\/2950","targetHints":{"allow":["GET"]}}],"collection":[{"href":"https:\/\/calamariadesiurana.com\/fr\/wp-json\/wp\/v2\/pages"}],"about":[{"href":"https:\/\/calamariadesiurana.com\/fr\/wp-json\/wp\/v2\/types\/page"}],"author":[{"embeddable":true,"href":"https:\/\/calamariadesiurana.com\/fr\/wp-json\/wp\/v2\/users\/5"}],"replies":[{"embeddable":true,"href":"https:\/\/calamariadesiurana.com\/fr\/wp-json\/wp\/v2\/comments?post=2950"}],"version-history":[{"count":9,"href":"https:\/\/calamariadesiurana.com\/fr\/wp-json\/wp\/v2\/pages\/2950\/revisions"}],"predecessor-version":[{"id":3452,"href":"https:\/\/calamariadesiurana.com\/fr\/wp-json\/wp\/v2\/pages\/2950\/revisions\/3452"}],"wp:attachment":[{"href":"https:\/\/calamariadesiurana.com\/fr\/wp-json\/wp\/v2\/media?parent=2950"}],"curies":[{"name":"wp","href":"https:\/\/api.w.org\/{rel}","templated":true}]}}