{"id":3057,"date":"2024-12-07T07:41:01","date_gmt":"2024-12-07T07:41:01","guid":{"rendered":"https:\/\/calamariadesiurana.com\/normes-i-condicions\/"},"modified":"2025-05-24T16:01:32","modified_gmt":"2025-05-24T16:01:32","slug":"termes-et-conditions","status":"publish","type":"page","link":"https:\/\/calamariadesiurana.com\/fr\/termes-et-conditions\/","title":{"rendered":"Termes et Conditions"},"content":{"rendered":"\t\t<div data-elementor-type=\"wp-page\" data-elementor-id=\"3057\" class=\"elementor elementor-3057 elementor-2650\">\n\t\t\t\t\t\t<section class=\"elementor-section elementor-top-section elementor-element elementor-element-38b8f755 elementor-section-height-min-height cs-section-content-fullwidth cs-parallax-on-scroll cs_scroll_y_100 elementor-section-boxed elementor-section-height-default elementor-section-items-middle\" data-id=\"38b8f755\" data-element_type=\"section\" data-e-type=\"section\" data-settings=\"{&quot;background_background&quot;:&quot;classic&quot;}\" data-cs-parallax-y=\"100\" style=\"background-image: none;\" data-cs-background-image=\"https:\/\/calamariadesiurana.com\/wp-content\/uploads\/2025\/05\/calamaria-exterior-piscina.jpg\" data-cs-background-image-alt-text=\"\">\n\t\t\t\t\t\t\t<div class=\"elementor-background-overlay\"><\/div>\n\t\t\t\t\t\t\t<div class=\"elementor-container elementor-column-gap-no\">\n\t\t\t\t\t<div class=\"elementor-column elementor-col-100 elementor-top-column elementor-element elementor-element-3b5053b dark-color\" data-id=\"3b5053b\" data-element_type=\"column\" data-e-type=\"column\">\n\t\t\t<div class=\"elementor-widget-wrap elementor-element-populated\">\n\t\t\t\t\t\t<div class=\"elementor-element elementor-element-13233b53 elementor-widget elementor-widget-cs_title\" data-id=\"13233b53\" data-element_type=\"widget\" data-e-type=\"widget\" data-widget_type=\"cs_title.default\">\n\t\t\t\t<div class=\"elementor-widget-container\">\n\t\t\t\t\t\n        <div class=\"cs-title-wrap text-center\">\t            <h1 class=\"cs-title\">\n\t                Termes et Conditions\t            <\/h1>        <\/div>\t\t\t\t<\/div>\n\t\t\t\t<\/div>\n\t\t\t\t\t<\/div>\n\t\t<\/div>\n\t\t\t\t\t<\/div>\n\t\t<\/section>\n\t\t<div class=\"elementor-element elementor-element-25295e4 e-flex e-con-boxed e-con e-parent\" data-id=\"25295e4\" data-element_type=\"container\" data-e-type=\"container\">\n\t\t\t\t\t<div class=\"e-con-inner\">\n\t\t\t\t<div class=\"elementor-element elementor-element-c865dad elementor-widget elementor-widget-heading\" data-id=\"c865dad\" data-element_type=\"widget\" data-e-type=\"widget\" data-widget_type=\"heading.default\">\n\t\t\t\t<div class=\"elementor-widget-container\">\n\t\t\t\t\t<p class=\"elementor-heading-title elementor-size-default\">R\u00e8gles et obligations pendant le s\u00e9jour:<\/p>\t\t\t\t<\/div>\n\t\t\t\t<\/div>\n\t\t\t\t<div class=\"elementor-element elementor-element-bd47602 elementor-align-left elementor-widget elementor-widget-cs_list\" data-id=\"bd47602\" data-element_type=\"widget\" data-e-type=\"widget\" data-widget_type=\"cs_list.default\">\n\t\t\t\t<div class=\"elementor-widget-container\">\n\t\t\t\t\t\n            <ul class=\"cs-list cs-list-type-ordered type-decimal-leading-zero\">                <li>                        <span class=\"list-icon color-primary\">\n                                                    <\/span>                    <span class=\"list-content\">INTERDIT DE FUMER DANS TOUS LES ESPACES INT\u00c9RIEURS ET \u00c0 LA PISCINE.<\/span>                <\/li>                <li>                        <span class=\"list-icon color-primary\">\n                                                    <\/span>                    <span class=\"list-content\">LES F\u00caTES NE SONT PAS AUTORIS\u00c9ES ET IL EST INTERDIT DE FAIRE TROP DE BRUIT QUI POURRAIT D\u00c9RANGER LES VOISINS.<\/span>                <\/li>                <li>                        <span class=\"list-icon color-primary\">\n                                                    <\/span>                    <span class=\"list-content\">LES ANIMAUX NE SONT PAS AUTORIS\u00c9S.<\/span>                <\/li>                <li>                        <span class=\"list-icon color-primary\">\n                                                    <\/span>                    <span class=\"list-content\">FERMER LES PORTES ET LES FEN\u00caTRES LORSQUE LA CLIMATISATION OU LE CHAUFFAGE SONT EN FONCTION.<\/span>                <\/li>                <li>                        <span class=\"list-icon color-primary\">\n                                                    <\/span>                    <span class=\"list-content\">FERMER LES PORTES, LES FEN\u00caTRES ET LES DIVERS APPAREILS EN VOTRE ABSENCE.<\/span>                <\/li>                <li>                        <span class=\"list-icon color-primary\">\n                                                    <\/span>                    <span class=\"list-content\">ESSAYER DE NE PAS OUBLIER D'\u00c9TEINDRE LES LUMI\u00c8RES ET LES ROBINETS EN VOTRE ABSENCE.<\/span>                <\/li>                <li>                        <span class=\"list-icon color-primary\">\n                                                    <\/span>                    <span class=\"list-content\">RAMASSER LES COUSSINS DE L'EXT\u00c9RIEUR, FERMER LES PARASOLS ET EMPILER LES TRANSATS EN CAS DE VENT FORT OU DE PLUIE.<\/span>                <\/li>                <li>                        <span class=\"list-icon color-primary\">\n                                                    <\/span>                    <span class=\"list-content\">PENDANT VOTRE S\u00c9JOUR, ABSTENEZ-VOUS DE LAVER LES DRAPS OU LES SERVIETTES DE LA MAISON PAR VOUS-M\u00caME. NOUS VOUS FOURNIRONS DES DRAPS PROPRES CHAQUE SEMAINE.<\/span>                <\/li>                <li>                        <span class=\"list-icon color-primary\">\n                                                    <\/span>                    <span class=\"list-content\">AVANT LE CHECK-OUT, JETER LES POUBELLES, NETTOYER LES BARBECUES ET LA CHEMIN\u00c9E.<\/span>                <\/li>                <li>                        <span class=\"list-icon color-primary\">\n                                                    <\/span>                    <span class=\"list-content\">LAISSER LA MAISON BIEN RANG\u00c9E COM VOUS L'AVEZ TROUV\u00c9E.<\/span>                <\/li>                <li>                        <span class=\"list-icon color-primary\">\n                                                    <\/span>                    <span class=\"list-content\">POUR \u00c9VITER DE NETTOYER LE FOUR, UTILISEZ DU PAPIER DE CUISSON POUR PROT\u00c9GER LES PLAQUES.<\/span>                <\/li>                <li>                        <span class=\"list-icon color-primary\">\n                                                    <\/span>                    <span class=\"list-content\">DANS LA ZONE DE LA PISCINE, \u00c9VITEZ DE FAIRE TROP DE BRUIT CAR C'EST UNE ZONE PARTAG\u00c9E.<\/span>                <\/li>            <\/ul>\t\t\t\t<\/div>\n\t\t\t\t<\/div>\n\t\t\t\t<div class=\"elementor-element elementor-element-81226b7 elementor-widget elementor-widget-heading\" data-id=\"81226b7\" data-element_type=\"widget\" data-e-type=\"widget\" data-widget_type=\"heading.default\">\n\t\t\t\t<div class=\"elementor-widget-container\">\n\t\t\t\t\t<p class=\"elementor-heading-title elementor-size-default\">Conditions de r\u00e9servation:<\/p>\t\t\t\t<\/div>\n\t\t\t\t<\/div>\n\t\t\t\t<div class=\"elementor-element elementor-element-1f7c353 elementor-align-left elementor-widget elementor-widget-cs_list\" data-id=\"1f7c353\" data-element_type=\"widget\" data-e-type=\"widget\" data-widget_type=\"cs_list.default\">\n\t\t\t\t<div class=\"elementor-widget-container\">\n\t\t\t\t\t\n            <ul class=\"cs-list cs-list-type-ordered type-decimal-leading-zero\">                <li>                        <span class=\"list-icon color-primary\">\n                                                    <\/span>                    <span class=\"list-content\">LES R\u00c9SERVATIONS DOIVENT \u00caTRE FAITES AU MOINS DEUX JOURS AVANT L'ARRIV\u00c9E.<\/span>                <\/li>                <li>                        <span class=\"list-icon color-primary\">\n                                                    <\/span>                    <span class=\"list-content\">LES R\u00c9SERVATIONS SERONT CONSID\u00c9R\u00c9ES COMME CONFIRM\u00c9ES UNE FOIS LE 50 % DU MONTANT TOTAL RE\u00c7U.<\/span>                <\/li>                <li>                        <span class=\"list-icon color-primary\">\n                                                    <\/span>                    <span class=\"list-content\">L'ANNULATION DE LA R\u00c9SERVATION EN HAUTE ET TR\u00c8S HAUTE SAISON SERA ACCEPT\u00c9E JUSQU'\u00c0 30 JOURS AVANT L'ARRIV\u00c9E.<\/span>                <\/li>                <li>                        <span class=\"list-icon color-primary\">\n                                                    <\/span>                    <span class=\"list-content\">L'ANNULATION DE LA R\u00c9SERVATION EN BASSE ET MOYENNE SAISON SERA ACCEPT\u00c9E JUSQU'\u00c0 10 JOURS AVANT L'ARRIV\u00c9E.<\/span>                <\/li>                <li>                        <span class=\"list-icon color-primary\">\n                                                    <\/span>                    <span class=\"list-content\">LA CAUTION DOIT \u00caTRE EFFECTU\u00c9E VIA BIZUM OU VIREMENT BANCAIRE AVANT LE CHECK-IN.<\/span>                <\/li>                <li>                        <span class=\"list-icon color-primary\">\n                                                    <\/span>                    <span class=\"list-content\">LA CAUTION SERA REMBOURS\u00c9E VIA BIZUM OU VIREMENT BANCAIRE UNE FOIS TOUT V\u00c9RIFI\u00c9, DANS UN D\u00c9LAI MAXIMAL DE 24 HEURES.<\/span>                <\/li>                <li>                        <span class=\"list-icon color-primary\">\n                                                    <\/span>                    <span class=\"list-content\">LA CAUTION DE L'H\u00c9BERGEMENT COMPLET EST DE 500\u20ac, DE LA MAISON PRINCIPALE 350\u20ac ET DU STUDIO-SUIT 280\u20ac.<\/span>                <\/li>                <li>                        <span class=\"list-icon color-primary\">\n                                                    <\/span>                    <span class=\"list-content\">LE CHECK-IN DOIT \u00caTRE EFFECTU\u00c9 \u00c0 PARTIR DE 16H00 (SAUF SI LA MAISON EST DISPONIBLE PLUS T\u00d4T).<\/span>                <\/li>                <li>                        <span class=\"list-icon color-primary\">\n                                                    <\/span>                    <span class=\"list-content\">LE CHECK-OUT DOIT \u00caTRE EFFECTU\u00c9 AVANT 10H00 (SAUF SI LA MAISON N'EST PAS DISPONIBLE APR\u00c8S).<\/span>                <\/li>            <\/ul>\t\t\t\t<\/div>\n\t\t\t\t<\/div>\n\t\t\t\t\t<\/div>\n\t\t\t\t<\/div>\n\t\t\t\t<\/div>\n\t\t","protected":false},"excerpt":{"rendered":"<p>Termes et Conditions R\u00e8gles et obligations pendant le s\u00e9jour: INTERDIT DE FUMER DANS TOUS LES ESPACES INT\u00c9RIEURS ET \u00c0 LA PISCINE. LES F\u00caTES NE SONT PAS AUTORIS\u00c9ES ET IL EST INTERDIT DE FAIRE TROP DE BRUIT QUI POURRAIT D\u00c9RANGER LES VOISINS. LES ANIMAUX NE SONT PAS AUTORIS\u00c9S. FERMER LES PORTES ET LES FEN\u00caTRES LORSQUE LA &#8230;<\/p>\n","protected":false},"author":5,"featured_media":0,"parent":0,"menu_order":0,"comment_status":"closed","ping_status":"closed","template":"template-wide-content.php","meta":{"_monsterinsights_skip_tracking":false,"_monsterinsights_sitenote_active":false,"_monsterinsights_sitenote_note":"","_monsterinsights_sitenote_category":0,"cozystay_single_page_hide_site_header":"","cozystay_single_page_site_header_source":"","cozystay_single_page_custom_site_header":"0","cozystay_single_page_custom_sticky_site_header":"0","cozystay_single_page_hide_page_title":"on","cozystay_single_page_header_section_size":"","cozystay_single_page_header_background_color":"","cozystay_single_page_header_background_position_x":"center","cozystay_single_page_header_background_position_y":"center","cozystay_single_page_header_background_size":"cover","cozystay_single_page_header_background_repeat":"off","cozystay_single_page_header_background_scroll":"on","cozystay_single_page_header_text_color":"","cozystay_single_page_header_show_breadcrumb":"","cozystay_single_page_site_footer_hide_main":"","cozystay_single_custom_site_footer_main_source":"","cozystay_single_custom_site_footer_main":"0","cozystay_single_page_site_footer_hide_above":"","cozystay_single_custom_site_footer_above_source":"","cozystay_single_custom_site_footer_above":"0","cozystay_single_page_site_footer_hide_instagram":"","cozystay_single_page_site_footer_hide_bottom":"","cozystay_single_custom_mobile_menu_source":"","cozystay_single_custom_mobile_menu":"0","cozystay_single_custom_mobile_menu_animation":"","cozystay_single_custom_mobile_menu_width":"","cozystay_single_custom_mobile_menu_custom_width":375,"_joinchat":[],"footnotes":""},"class_list":["post-3057","page","type-page","status-publish","hentry"],"yoast_head":"<!-- This site is optimized with the Yoast SEO plugin v27.5 - https:\/\/yoast.com\/product\/yoast-seo-wordpress\/ -->\n<title>Termes et Conditions - Ca la Maria de Siurana<\/title>\n<meta name=\"robots\" content=\"index, follow, max-snippet:-1, max-image-preview:large, max-video-preview:-1\" \/>\n<link rel=\"canonical\" href=\"https:\/\/calamariadesiurana.com\/normes-i-condicions\/\" \/>\n<meta property=\"og:locale\" content=\"fr_FR\" \/>\n<meta property=\"og:type\" content=\"article\" \/>\n<meta property=\"og:title\" content=\"Termes et Conditions - Ca la Maria de Siurana\" \/>\n<meta property=\"og:description\" content=\"Termes et Conditions R\u00e8gles et obligations pendant le s\u00e9jour: INTERDIT DE FUMER DANS TOUS LES ESPACES INT\u00c9RIEURS ET \u00c0 LA PISCINE. LES F\u00caTES NE SONT PAS AUTORIS\u00c9ES ET IL EST INTERDIT DE FAIRE TROP DE BRUIT QUI POURRAIT D\u00c9RANGER LES VOISINS. LES ANIMAUX NE SONT PAS AUTORIS\u00c9S. FERMER LES PORTES ET LES FEN\u00caTRES LORSQUE LA ...\" \/>\n<meta property=\"og:url\" content=\"https:\/\/calamariadesiurana.com\/normes-i-condicions\/\" \/>\n<meta property=\"og:site_name\" content=\"Ca la Maria de Siurana\" \/>\n<meta property=\"article:modified_time\" content=\"2025-05-24T16:01:32+00:00\" \/>\n<meta name=\"twitter:card\" content=\"summary_large_image\" \/>\n<meta name=\"twitter:label1\" content=\"Dur\u00e9e de lecture estim\u00e9e\" \/>\n\t<meta name=\"twitter:data1\" content=\"2 minutes\" \/>\n<script type=\"application\/ld+json\" class=\"yoast-schema-graph\">{\"@context\":\"https:\\\/\\\/schema.org\",\"@graph\":[{\"@type\":\"WebPage\",\"@id\":\"https:\\\/\\\/calamariadesiurana.com\\\/normes-i-condicions\\\/\",\"url\":\"https:\\\/\\\/calamariadesiurana.com\\\/normes-i-condicions\\\/\",\"name\":\"Termes et Conditions - Ca la Maria de Siurana\",\"isPartOf\":{\"@id\":\"https:\\\/\\\/calamariadesiurana.com\\\/#website\"},\"datePublished\":\"2024-12-07T07:41:01+00:00\",\"dateModified\":\"2025-05-24T16:01:32+00:00\",\"breadcrumb\":{\"@id\":\"https:\\\/\\\/calamariadesiurana.com\\\/normes-i-condicions\\\/#breadcrumb\"},\"inLanguage\":\"fr-FR\",\"potentialAction\":[{\"@type\":\"ReadAction\",\"target\":[\"https:\\\/\\\/calamariadesiurana.com\\\/normes-i-condicions\\\/\"]}]},{\"@type\":\"BreadcrumbList\",\"@id\":\"https:\\\/\\\/calamariadesiurana.com\\\/normes-i-condicions\\\/#breadcrumb\",\"itemListElement\":[{\"@type\":\"ListItem\",\"position\":1,\"name\":\"Home\",\"item\":\"https:\\\/\\\/calamariadesiurana.com\\\/\"},{\"@type\":\"ListItem\",\"position\":2,\"name\":\"Termes et Conditions\"}]},{\"@type\":\"WebSite\",\"@id\":\"https:\\\/\\\/calamariadesiurana.com\\\/#website\",\"url\":\"https:\\\/\\\/calamariadesiurana.com\\\/\",\"name\":\"Ca la Maria de Siurana\",\"description\":\"\",\"publisher\":{\"@id\":\"https:\\\/\\\/calamariadesiurana.com\\\/#organization\"},\"potentialAction\":[{\"@type\":\"SearchAction\",\"target\":{\"@type\":\"EntryPoint\",\"urlTemplate\":\"https:\\\/\\\/calamariadesiurana.com\\\/?s={search_term_string}\"},\"query-input\":{\"@type\":\"PropertyValueSpecification\",\"valueRequired\":true,\"valueName\":\"search_term_string\"}}],\"inLanguage\":\"fr-FR\"},{\"@type\":\"Organization\",\"@id\":\"https:\\\/\\\/calamariadesiurana.com\\\/#organization\",\"name\":\"Ca la Maria de Siurana\",\"url\":\"https:\\\/\\\/calamariadesiurana.com\\\/\",\"logo\":{\"@type\":\"ImageObject\",\"inLanguage\":\"fr-FR\",\"@id\":\"https:\\\/\\\/calamariadesiurana.com\\\/#\\\/schema\\\/logo\\\/image\\\/\",\"url\":\"https:\\\/\\\/calamariadesiurana.com\\\/wp-content\\\/uploads\\\/2017\\\/04\\\/cropped-cropped-calamarialogo2-2.png\",\"contentUrl\":\"https:\\\/\\\/calamariadesiurana.com\\\/wp-content\\\/uploads\\\/2017\\\/04\\\/cropped-cropped-calamarialogo2-2.png\",\"width\":308,\"height\":80,\"caption\":\"Ca la Maria de Siurana\"},\"image\":{\"@id\":\"https:\\\/\\\/calamariadesiurana.com\\\/#\\\/schema\\\/logo\\\/image\\\/\"}}]}<\/script>\n<!-- \/ Yoast SEO plugin. -->","yoast_head_json":{"title":"Termes et Conditions - Ca la Maria de Siurana","robots":{"index":"index","follow":"follow","max-snippet":"max-snippet:-1","max-image-preview":"max-image-preview:large","max-video-preview":"max-video-preview:-1"},"canonical":"https:\/\/calamariadesiurana.com\/normes-i-condicions\/","og_locale":"fr_FR","og_type":"article","og_title":"Termes et Conditions - Ca la Maria de Siurana","og_description":"Termes et Conditions R\u00e8gles et obligations pendant le s\u00e9jour: INTERDIT DE FUMER DANS TOUS LES ESPACES INT\u00c9RIEURS ET \u00c0 LA PISCINE. LES F\u00caTES NE SONT PAS AUTORIS\u00c9ES ET IL EST INTERDIT DE FAIRE TROP DE BRUIT QUI POURRAIT D\u00c9RANGER LES VOISINS. LES ANIMAUX NE SONT PAS AUTORIS\u00c9S. FERMER LES PORTES ET LES FEN\u00caTRES LORSQUE LA ...","og_url":"https:\/\/calamariadesiurana.com\/normes-i-condicions\/","og_site_name":"Ca la Maria de Siurana","article_modified_time":"2025-05-24T16:01:32+00:00","twitter_card":"summary_large_image","twitter_misc":{"Dur\u00e9e de lecture estim\u00e9e":"2 minutes"},"schema":{"@context":"https:\/\/schema.org","@graph":[{"@type":"WebPage","@id":"https:\/\/calamariadesiurana.com\/normes-i-condicions\/","url":"https:\/\/calamariadesiurana.com\/normes-i-condicions\/","name":"Termes et Conditions - Ca la Maria de Siurana","isPartOf":{"@id":"https:\/\/calamariadesiurana.com\/#website"},"datePublished":"2024-12-07T07:41:01+00:00","dateModified":"2025-05-24T16:01:32+00:00","breadcrumb":{"@id":"https:\/\/calamariadesiurana.com\/normes-i-condicions\/#breadcrumb"},"inLanguage":"fr-FR","potentialAction":[{"@type":"ReadAction","target":["https:\/\/calamariadesiurana.com\/normes-i-condicions\/"]}]},{"@type":"BreadcrumbList","@id":"https:\/\/calamariadesiurana.com\/normes-i-condicions\/#breadcrumb","itemListElement":[{"@type":"ListItem","position":1,"name":"Home","item":"https:\/\/calamariadesiurana.com\/"},{"@type":"ListItem","position":2,"name":"Termes et Conditions"}]},{"@type":"WebSite","@id":"https:\/\/calamariadesiurana.com\/#website","url":"https:\/\/calamariadesiurana.com\/","name":"Ca la Maria de Siurana","description":"","publisher":{"@id":"https:\/\/calamariadesiurana.com\/#organization"},"potentialAction":[{"@type":"SearchAction","target":{"@type":"EntryPoint","urlTemplate":"https:\/\/calamariadesiurana.com\/?s={search_term_string}"},"query-input":{"@type":"PropertyValueSpecification","valueRequired":true,"valueName":"search_term_string"}}],"inLanguage":"fr-FR"},{"@type":"Organization","@id":"https:\/\/calamariadesiurana.com\/#organization","name":"Ca la Maria de Siurana","url":"https:\/\/calamariadesiurana.com\/","logo":{"@type":"ImageObject","inLanguage":"fr-FR","@id":"https:\/\/calamariadesiurana.com\/#\/schema\/logo\/image\/","url":"https:\/\/calamariadesiurana.com\/wp-content\/uploads\/2017\/04\/cropped-cropped-calamarialogo2-2.png","contentUrl":"https:\/\/calamariadesiurana.com\/wp-content\/uploads\/2017\/04\/cropped-cropped-calamarialogo2-2.png","width":308,"height":80,"caption":"Ca la Maria de Siurana"},"image":{"@id":"https:\/\/calamariadesiurana.com\/#\/schema\/logo\/image\/"}}]}},"_links":{"self":[{"href":"https:\/\/calamariadesiurana.com\/fr\/wp-json\/wp\/v2\/pages\/3057","targetHints":{"allow":["GET"]}}],"collection":[{"href":"https:\/\/calamariadesiurana.com\/fr\/wp-json\/wp\/v2\/pages"}],"about":[{"href":"https:\/\/calamariadesiurana.com\/fr\/wp-json\/wp\/v2\/types\/page"}],"author":[{"embeddable":true,"href":"https:\/\/calamariadesiurana.com\/fr\/wp-json\/wp\/v2\/users\/5"}],"replies":[{"embeddable":true,"href":"https:\/\/calamariadesiurana.com\/fr\/wp-json\/wp\/v2\/comments?post=3057"}],"version-history":[{"count":2,"href":"https:\/\/calamariadesiurana.com\/fr\/wp-json\/wp\/v2\/pages\/3057\/revisions"}],"predecessor-version":[{"id":3310,"href":"https:\/\/calamariadesiurana.com\/fr\/wp-json\/wp\/v2\/pages\/3057\/revisions\/3310"}],"wp:attachment":[{"href":"https:\/\/calamariadesiurana.com\/fr\/wp-json\/wp\/v2\/media?parent=3057"}],"curies":[{"name":"wp","href":"https:\/\/api.w.org\/{rel}","templated":true}]}}